{"id":42044,"date":"2018-11-27T18:54:13","date_gmt":"2018-11-27T15:54:13","guid":{"rendered":"http:\/\/www.ramrolf.eu\/product\/lvkravas-automobila-celazime-a4d-100-loksnes\/"},"modified":"2018-11-27T18:54:13","modified_gmt":"2018-11-27T15:54:13","slug":"lvkravas-automobila-celazime-a4d-100-loksnes","status":"publish","type":"product","link":"https:\/\/ramrolf.lv\/lv\/product\/lvkravas-automobila-celazime-a4d-100-loksnes\/","title":{"rendered":"Kravas automobi\u013ca ce\u013caz\u012bme A4D,  100 loksnes"},"content":{"rendered":"","protected":false},"excerpt":{"rendered":"<p>Veidlapas<\/p>\n","protected":false},"featured_media":42045,"template":"","meta":[],"product_cat":[472],"product_tag":[],"_links":{"self":[{"href":"https:\/\/ramrolf.lv\/lv\/wp-json\/wp\/v2\/product\/42044"}],"collection":[{"href":"https:\/\/ramrolf.lv\/lv\/wp-json\/wp\/v2\/product"}],"about":[{"href":"https:\/\/ramrolf.lv\/lv\/wp-json\/wp\/v2\/types\/product"}],"wp:featuredmedia":[{"embeddable":true,"href":"https:\/\/ramrolf.lv\/lv\/wp-json\/wp\/v2\/media\/42045"}],"wp:attachment":[{"href":"https:\/\/ramrolf.lv\/lv\/wp-json\/wp\/v2\/media?parent=42044"}],"wp:term":[{"taxonomy":"product_cat","embeddable":true,"href":"https:\/\/ramrolf.lv\/lv\/wp-json\/wp\/v2\/product_cat?post=42044"},{"taxonomy":"product_tag","embeddable":true,"href":"https:\/\/ramrolf.lv\/lv\/wp-json\/wp\/v2\/product_tag?post=42044"}],"curies":[{"name":"wp","href":"https:\/\/api.w.org\/{rel}","templated":true}]}}