{"id":42104,"date":"2018-11-27T18:54:30","date_gmt":"2018-11-27T15:54:30","guid":{"rendered":"http:\/\/www.ramrolf.eu\/product\/lvakcizeto-precu-pavaddokumentu-registrs-a4-48\/"},"modified":"2018-11-27T18:54:30","modified_gmt":"2018-11-27T15:54:30","slug":"lvakcizeto-precu-pavaddokumentu-registrs-a4-48","status":"publish","type":"product","link":"https:\/\/ramrolf.lv\/lv\/product\/lvakcizeto-precu-pavaddokumentu-registrs-a4-48\/","title":{"rendered":"Akciz\u0113to pre\u010du pavaddokumentu re\u0123istrs,  A4\/48"},"content":{"rendered":"","protected":false},"excerpt":{"rendered":"<p>Veidlapas<\/p>\n","protected":false},"featured_media":42105,"template":"","meta":[],"product_cat":[472],"product_tag":[],"_links":{"self":[{"href":"https:\/\/ramrolf.lv\/lv\/wp-json\/wp\/v2\/product\/42104"}],"collection":[{"href":"https:\/\/ramrolf.lv\/lv\/wp-json\/wp\/v2\/product"}],"about":[{"href":"https:\/\/ramrolf.lv\/lv\/wp-json\/wp\/v2\/types\/product"}],"wp:featuredmedia":[{"embeddable":true,"href":"https:\/\/ramrolf.lv\/lv\/wp-json\/wp\/v2\/media\/42105"}],"wp:attachment":[{"href":"https:\/\/ramrolf.lv\/lv\/wp-json\/wp\/v2\/media?parent=42104"}],"wp:term":[{"taxonomy":"product_cat","embeddable":true,"href":"https:\/\/ramrolf.lv\/lv\/wp-json\/wp\/v2\/product_cat?post=42104"},{"taxonomy":"product_tag","embeddable":true,"href":"https:\/\/ramrolf.lv\/lv\/wp-json\/wp\/v2\/product_tag?post=42104"}],"curies":[{"name":"wp","href":"https:\/\/api.w.org\/{rel}","templated":true}]}}