{"id":42110,"date":"2018-11-27T18:54:32","date_gmt":"2018-11-27T15:54:32","guid":{"rendered":"http:\/\/www.ramrolf.eu\/product\/lvugunsaizsardzibas-sistemas-tehn-apkopes-un-remontd-zurnals\/"},"modified":"2018-11-27T18:54:32","modified_gmt":"2018-11-27T15:54:32","slug":"lvugunsaizsardzibas-sistemas-tehn-apkopes-un-remontd-zurnals","status":"publish","type":"product","link":"https:\/\/ramrolf.lv\/lv\/product\/lvugunsaizsardzibas-sistemas-tehn-apkopes-un-remontd-zurnals\/","title":{"rendered":"Ugunsaizsardz\u012bbas sist\u0113mas tehn.apkopes un remontd.\u017eurn\u0101ls"},"content":{"rendered":"","protected":false},"excerpt":{"rendered":"<p>Veidlapas<\/p>\n","protected":false},"featured_media":42111,"template":"","meta":[],"product_cat":[472],"product_tag":[],"_links":{"self":[{"href":"https:\/\/ramrolf.lv\/lv\/wp-json\/wp\/v2\/product\/42110"}],"collection":[{"href":"https:\/\/ramrolf.lv\/lv\/wp-json\/wp\/v2\/product"}],"about":[{"href":"https:\/\/ramrolf.lv\/lv\/wp-json\/wp\/v2\/types\/product"}],"wp:featuredmedia":[{"embeddable":true,"href":"https:\/\/ramrolf.lv\/lv\/wp-json\/wp\/v2\/media\/42111"}],"wp:attachment":[{"href":"https:\/\/ramrolf.lv\/lv\/wp-json\/wp\/v2\/media?parent=42110"}],"wp:term":[{"taxonomy":"product_cat","embeddable":true,"href":"https:\/\/ramrolf.lv\/lv\/wp-json\/wp\/v2\/product_cat?post=42110"},{"taxonomy":"product_tag","embeddable":true,"href":"https:\/\/ramrolf.lv\/lv\/wp-json\/wp\/v2\/product_tag?post=42110"}],"curies":[{"name":"wp","href":"https:\/\/api.w.org\/{rel}","templated":true}]}}