{"id":42112,"date":"2018-11-27T18:54:33","date_gmt":"2018-11-27T15:54:33","guid":{"rendered":"http:\/\/www.ramrolf.eu\/product\/lvugunsdrosibas-instruktazu-uzskaites-zurnals-a5-20lap\/"},"modified":"2018-11-27T18:54:33","modified_gmt":"2018-11-27T15:54:33","slug":"lvugunsdrosibas-instruktazu-uzskaites-zurnals-a5-20lap","status":"publish","type":"product","link":"https:\/\/ramrolf.lv\/lv\/product\/lvugunsdrosibas-instruktazu-uzskaites-zurnals-a5-20lap\/","title":{"rendered":"Ugunsdro\u0161\u012bbas Instrukt\u0101\u017eu uzskaites \u017eurn\u0101ls A5 20lap"},"content":{"rendered":"","protected":false},"excerpt":{"rendered":"<p>Veidlapas<\/p>\n","protected":false},"featured_media":42113,"template":"","meta":[],"product_cat":[472],"product_tag":[],"_links":{"self":[{"href":"https:\/\/ramrolf.lv\/lv\/wp-json\/wp\/v2\/product\/42112"}],"collection":[{"href":"https:\/\/ramrolf.lv\/lv\/wp-json\/wp\/v2\/product"}],"about":[{"href":"https:\/\/ramrolf.lv\/lv\/wp-json\/wp\/v2\/types\/product"}],"wp:featuredmedia":[{"embeddable":true,"href":"https:\/\/ramrolf.lv\/lv\/wp-json\/wp\/v2\/media\/42113"}],"wp:attachment":[{"href":"https:\/\/ramrolf.lv\/lv\/wp-json\/wp\/v2\/media?parent=42112"}],"wp:term":[{"taxonomy":"product_cat","embeddable":true,"href":"https:\/\/ramrolf.lv\/lv\/wp-json\/wp\/v2\/product_cat?post=42112"},{"taxonomy":"product_tag","embeddable":true,"href":"https:\/\/ramrolf.lv\/lv\/wp-json\/wp\/v2\/product_tag?post=42112"}],"curies":[{"name":"wp","href":"https:\/\/api.w.org\/{rel}","templated":true}]}}