{"id":42124,"date":"2018-11-27T18:54:36","date_gmt":"2018-11-27T15:54:36","guid":{"rendered":"http:\/\/www.ramrolf.eu\/product\/lvugunsdrosibas-instruktazu-uzskaites-zurnals-a5-48lapas\/"},"modified":"2018-11-27T18:54:36","modified_gmt":"2018-11-27T15:54:36","slug":"lvugunsdrosibas-instruktazu-uzskaites-zurnals-a5-48lapas","status":"publish","type":"product","link":"https:\/\/ramrolf.lv\/lv\/product\/lvugunsdrosibas-instruktazu-uzskaites-zurnals-a5-48lapas\/","title":{"rendered":"Ugunsdro\u0161\u012bbas instrukt\u0101\u017eu uzskaites \u017eurn\u0101ls A5 48lapas"},"content":{"rendered":"","protected":false},"excerpt":{"rendered":"<p>Veidlapas<\/p>\n","protected":false},"featured_media":42125,"template":"","meta":[],"product_cat":[472],"product_tag":[],"_links":{"self":[{"href":"https:\/\/ramrolf.lv\/lv\/wp-json\/wp\/v2\/product\/42124"}],"collection":[{"href":"https:\/\/ramrolf.lv\/lv\/wp-json\/wp\/v2\/product"}],"about":[{"href":"https:\/\/ramrolf.lv\/lv\/wp-json\/wp\/v2\/types\/product"}],"wp:featuredmedia":[{"embeddable":true,"href":"https:\/\/ramrolf.lv\/lv\/wp-json\/wp\/v2\/media\/42125"}],"wp:attachment":[{"href":"https:\/\/ramrolf.lv\/lv\/wp-json\/wp\/v2\/media?parent=42124"}],"wp:term":[{"taxonomy":"product_cat","embeddable":true,"href":"https:\/\/ramrolf.lv\/lv\/wp-json\/wp\/v2\/product_cat?post=42124"},{"taxonomy":"product_tag","embeddable":true,"href":"https:\/\/ramrolf.lv\/lv\/wp-json\/wp\/v2\/product_tag?post=42124"}],"curies":[{"name":"wp","href":"https:\/\/api.w.org\/{rel}","templated":true}]}}