{"id":42148,"date":"2018-11-27T18:54:43","date_gmt":"2018-11-27T15:54:43","guid":{"rendered":"http:\/\/www.ramrolf.eu\/product\/lvbuvdarbu-zurnals-a4-236lpp\/"},"modified":"2018-11-27T18:54:43","modified_gmt":"2018-11-27T15:54:43","slug":"lvbuvdarbu-zurnals-a4-236lpp","status":"publish","type":"product","link":"https:\/\/ramrolf.lv\/lv\/product\/lvbuvdarbu-zurnals-a4-236lpp\/","title":{"rendered":"B\u016bvdarbu \u017eurn\u0101ls A4\/236lpp."},"content":{"rendered":"","protected":false},"excerpt":{"rendered":"<p>Veidlapas<\/p>\n","protected":false},"featured_media":42149,"template":"","meta":[],"product_cat":[472],"product_tag":[],"_links":{"self":[{"href":"https:\/\/ramrolf.lv\/lv\/wp-json\/wp\/v2\/product\/42148"}],"collection":[{"href":"https:\/\/ramrolf.lv\/lv\/wp-json\/wp\/v2\/product"}],"about":[{"href":"https:\/\/ramrolf.lv\/lv\/wp-json\/wp\/v2\/types\/product"}],"wp:featuredmedia":[{"embeddable":true,"href":"https:\/\/ramrolf.lv\/lv\/wp-json\/wp\/v2\/media\/42149"}],"wp:attachment":[{"href":"https:\/\/ramrolf.lv\/lv\/wp-json\/wp\/v2\/media?parent=42148"}],"wp:term":[{"taxonomy":"product_cat","embeddable":true,"href":"https:\/\/ramrolf.lv\/lv\/wp-json\/wp\/v2\/product_cat?post=42148"},{"taxonomy":"product_tag","embeddable":true,"href":"https:\/\/ramrolf.lv\/lv\/wp-json\/wp\/v2\/product_tag?post=42148"}],"curies":[{"name":"wp","href":"https:\/\/api.w.org\/{rel}","templated":true}]}}