{"id":42162,"date":"2018-11-27T18:54:47","date_gmt":"2018-11-27T15:54:47","guid":{"rendered":"http:\/\/www.ramrolf.eu\/product\/lvsanemto-dokumentu-registracijas-zurnals-abc-a4z-48-lap\/"},"modified":"2018-11-27T18:54:47","modified_gmt":"2018-11-27T15:54:47","slug":"lvsanemto-dokumentu-registracijas-zurnals-abc-a4z-48-lap","status":"publish","type":"product","link":"https:\/\/ramrolf.lv\/lv\/product\/lvsanemto-dokumentu-registracijas-zurnals-abc-a4z-48-lap\/","title":{"rendered":"Sa\u0146emto dokumentu re\u0123istr\u0101cijas \u017eurn\u0101ls ABC A4\u017d,  48 lap."},"content":{"rendered":"","protected":false},"excerpt":{"rendered":"<p>Veidlapas<\/p>\n","protected":false},"featured_media":42163,"template":"","meta":[],"product_cat":[472],"product_tag":[],"_links":{"self":[{"href":"https:\/\/ramrolf.lv\/lv\/wp-json\/wp\/v2\/product\/42162"}],"collection":[{"href":"https:\/\/ramrolf.lv\/lv\/wp-json\/wp\/v2\/product"}],"about":[{"href":"https:\/\/ramrolf.lv\/lv\/wp-json\/wp\/v2\/types\/product"}],"wp:featuredmedia":[{"embeddable":true,"href":"https:\/\/ramrolf.lv\/lv\/wp-json\/wp\/v2\/media\/42163"}],"wp:attachment":[{"href":"https:\/\/ramrolf.lv\/lv\/wp-json\/wp\/v2\/media?parent=42162"}],"wp:term":[{"taxonomy":"product_cat","embeddable":true,"href":"https:\/\/ramrolf.lv\/lv\/wp-json\/wp\/v2\/product_cat?post=42162"},{"taxonomy":"product_tag","embeddable":true,"href":"https:\/\/ramrolf.lv\/lv\/wp-json\/wp\/v2\/product_tag?post=42162"}],"curies":[{"name":"wp","href":"https:\/\/api.w.org\/{rel}","templated":true}]}}