{"id":42200,"date":"2018-11-27T19:11:28","date_gmt":"2018-11-27T16:11:28","guid":{"rendered":"http:\/\/www.ramrolf.eu\/product\/lvmape-dokumentiem-a4-balta-bez-mehanisma-smlt\/"},"modified":"2021-08-25T16:31:19","modified_gmt":"2021-08-25T13:31:19","slug":"lvmape-dokumentiem-a4-balta-bez-mehanisma-smlt","status":"publish","type":"product","link":"https:\/\/ramrolf.lv\/lv\/product\/lvmape-dokumentiem-a4-balta-bez-mehanisma-smlt\/","title":{"rendered":"Mape dokumentiem A4 balta,  bez meh\u0101nisma,  SMLT"},"content":{"rendered":"","protected":false},"excerpt":{"rendered":"<p>Mapes \u0101tr\u0161uv\u0113ji<\/p>\n","protected":false},"featured_media":42201,"template":"","meta":[],"product_cat":[475],"product_tag":[],"_links":{"self":[{"href":"https:\/\/ramrolf.lv\/lv\/wp-json\/wp\/v2\/product\/42200"}],"collection":[{"href":"https:\/\/ramrolf.lv\/lv\/wp-json\/wp\/v2\/product"}],"about":[{"href":"https:\/\/ramrolf.lv\/lv\/wp-json\/wp\/v2\/types\/product"}],"wp:featuredmedia":[{"embeddable":true,"href":"https:\/\/ramrolf.lv\/lv\/wp-json\/wp\/v2\/media\/42201"}],"wp:attachment":[{"href":"https:\/\/ramrolf.lv\/lv\/wp-json\/wp\/v2\/media?parent=42200"}],"wp:term":[{"taxonomy":"product_cat","embeddable":true,"href":"https:\/\/ramrolf.lv\/lv\/wp-json\/wp\/v2\/product_cat?post=42200"},{"taxonomy":"product_tag","embeddable":true,"href":"https:\/\/ramrolf.lv\/lv\/wp-json\/wp\/v2\/product_tag?post=42200"}],"curies":[{"name":"wp","href":"https:\/\/api.w.org\/{rel}","templated":true}]}}