{"id":42233,"date":"2018-11-27T19:11:52","date_gmt":"2018-11-27T16:11:52","guid":{"rendered":"http:\/\/www.ramrolf.eu\/product\/lvarhiva-bokss-a4-100mm\/"},"modified":"2019-01-30T14:12:50","modified_gmt":"2019-01-30T11:12:50","slug":"arhiva-bokss-a4-100mm","status":"publish","type":"product","link":"https:\/\/ramrolf.lv\/lv\/product\/arhiva-bokss-a4-100mm\/","title":{"rendered":"Arh\u012bva bokss A4 100mm"},"content":{"rendered":"","protected":false},"excerpt":{"rendered":"<p>Ide\u0101ls risin\u0101jums arh\u012bva ilgsto\u0161ai glab\u0101\u0161anai. K\u0101rbas no bl\u012bva, kvalitat\u012bva gofr\u0113t\u0101 kartona. Atveres satver\u0161anai. L\u012bnijotas vietas mar\u0137\u0113jumam un paskaidrojumiem. Va\u013c\u0113js uzkr\u0101j\u0113js ar sl\u012bpu malu. <\/p>\n","protected":false},"featured_media":42234,"template":"","meta":[],"product_cat":[477],"product_tag":[],"_links":{"self":[{"href":"https:\/\/ramrolf.lv\/lv\/wp-json\/wp\/v2\/product\/42233"}],"collection":[{"href":"https:\/\/ramrolf.lv\/lv\/wp-json\/wp\/v2\/product"}],"about":[{"href":"https:\/\/ramrolf.lv\/lv\/wp-json\/wp\/v2\/types\/product"}],"wp:featuredmedia":[{"embeddable":true,"href":"https:\/\/ramrolf.lv\/lv\/wp-json\/wp\/v2\/media\/42234"}],"wp:attachment":[{"href":"https:\/\/ramrolf.lv\/lv\/wp-json\/wp\/v2\/media?parent=42233"}],"wp:term":[{"taxonomy":"product_cat","embeddable":true,"href":"https:\/\/ramrolf.lv\/lv\/wp-json\/wp\/v2\/product_cat?post=42233"},{"taxonomy":"product_tag","embeddable":true,"href":"https:\/\/ramrolf.lv\/lv\/wp-json\/wp\/v2\/product_tag?post=42233"}],"curies":[{"name":"wp","href":"https:\/\/api.w.org\/{rel}","templated":true}]}}