{"id":42239,"date":"2018-11-27T19:11:53","date_gmt":"2018-11-27T16:11:53","guid":{"rendered":"http:\/\/www.ramrolf.eu\/product\/lvieliktni-dokumentu-iesiesanai-25-gab-melna-krasa-suveju-meh\/"},"modified":"2019-09-09T17:33:22","modified_gmt":"2019-09-09T14:33:22","slug":"lvieliktni-dokumentu-iesiesanai-25-gab-melna-krasa-suveju-meh","status":"publish","type":"product","link":"https:\/\/ramrolf.lv\/lv\/product\/lvieliktni-dokumentu-iesiesanai-25-gab-melna-krasa-suveju-meh\/","title":{"rendered":"Ielikt\u0146i dokumentu iesie\u0161anai 25 gab. melna kr\u0101sa \u0161uv\u0113ju meh"},"content":{"rendered":"","protected":false},"excerpt":{"rendered":"<p>\u0100tr\u0161uv\u0113ju l\u012bst\u012btes<\/p>\n","protected":false},"featured_media":42240,"template":"","meta":[],"product_cat":[489],"product_tag":[],"_links":{"self":[{"href":"https:\/\/ramrolf.lv\/lv\/wp-json\/wp\/v2\/product\/42239"}],"collection":[{"href":"https:\/\/ramrolf.lv\/lv\/wp-json\/wp\/v2\/product"}],"about":[{"href":"https:\/\/ramrolf.lv\/lv\/wp-json\/wp\/v2\/types\/product"}],"wp:featuredmedia":[{"embeddable":true,"href":"https:\/\/ramrolf.lv\/lv\/wp-json\/wp\/v2\/media\/42240"}],"wp:attachment":[{"href":"https:\/\/ramrolf.lv\/lv\/wp-json\/wp\/v2\/media?parent=42239"}],"wp:term":[{"taxonomy":"product_cat","embeddable":true,"href":"https:\/\/ramrolf.lv\/lv\/wp-json\/wp\/v2\/product_cat?post=42239"},{"taxonomy":"product_tag","embeddable":true,"href":"https:\/\/ramrolf.lv\/lv\/wp-json\/wp\/v2\/product_tag?post=42239"}],"curies":[{"name":"wp","href":"https:\/\/api.w.org\/{rel}","templated":true}]}}