{"id":42267,"date":"2018-11-27T19:12:01","date_gmt":"2018-11-27T16:12:01","guid":{"rendered":"http:\/\/www.ramrolf.eu\/product\/lvarhiva-klipsis-fellowes-50gab-zils\/"},"modified":"2019-01-30T14:30:34","modified_gmt":"2019-01-30T11:30:34","slug":"lvarhiva-klipsis-fellowes-50gab-zils","status":"publish","type":"product","link":"https:\/\/ramrolf.lv\/lv\/product\/lvarhiva-klipsis-fellowes-50gab-zils\/","title":{"rendered":"Arh\u012bva klipsis FELLOWES 50gab. zils"},"content":{"rendered":"","protected":false},"excerpt":{"rendered":"<p>arh\u012bva klip\u0161i<\/p>\n","protected":false},"featured_media":42268,"template":"","meta":[],"product_cat":[477],"product_tag":[],"_links":{"self":[{"href":"https:\/\/ramrolf.lv\/lv\/wp-json\/wp\/v2\/product\/42267"}],"collection":[{"href":"https:\/\/ramrolf.lv\/lv\/wp-json\/wp\/v2\/product"}],"about":[{"href":"https:\/\/ramrolf.lv\/lv\/wp-json\/wp\/v2\/types\/product"}],"wp:featuredmedia":[{"embeddable":true,"href":"https:\/\/ramrolf.lv\/lv\/wp-json\/wp\/v2\/media\/42268"}],"wp:attachment":[{"href":"https:\/\/ramrolf.lv\/lv\/wp-json\/wp\/v2\/media?parent=42267"}],"wp:term":[{"taxonomy":"product_cat","embeddable":true,"href":"https:\/\/ramrolf.lv\/lv\/wp-json\/wp\/v2\/product_cat?post=42267"},{"taxonomy":"product_tag","embeddable":true,"href":"https:\/\/ramrolf.lv\/lv\/wp-json\/wp\/v2\/product_tag?post=42267"}],"curies":[{"name":"wp","href":"https:\/\/api.w.org\/{rel}","templated":true}]}}