{"id":42309,"date":"2018-11-27T19:12:14","date_gmt":"2018-11-27T16:12:14","guid":{"rendered":"http:\/\/www.ramrolf.eu\/product\/lvdokumentu-vacins-esselte-a6-112x153mm\/"},"modified":"2019-03-05T23:27:26","modified_gmt":"2019-03-05T20:27:26","slug":"lvdokumentu-vacins-esselte-a6-112x153mm","status":"publish","type":"product","link":"https:\/\/ramrolf.lv\/lv\/product\/lvdokumentu-vacins-esselte-a6-112x153mm\/","title":{"rendered":"Dokumentu v\u0101ci\u0146\u0161 ESSELTE A6 112x153mm"},"content":{"rendered":"","protected":false},"excerpt":{"rendered":"<p>V\u0101ki dokumentiem<\/p>\n","protected":false},"featured_media":42310,"template":"","meta":[],"product_cat":[482],"product_tag":[],"_links":{"self":[{"href":"https:\/\/ramrolf.lv\/lv\/wp-json\/wp\/v2\/product\/42309"}],"collection":[{"href":"https:\/\/ramrolf.lv\/lv\/wp-json\/wp\/v2\/product"}],"about":[{"href":"https:\/\/ramrolf.lv\/lv\/wp-json\/wp\/v2\/types\/product"}],"wp:featuredmedia":[{"embeddable":true,"href":"https:\/\/ramrolf.lv\/lv\/wp-json\/wp\/v2\/media\/42310"}],"wp:attachment":[{"href":"https:\/\/ramrolf.lv\/lv\/wp-json\/wp\/v2\/media?parent=42309"}],"wp:term":[{"taxonomy":"product_cat","embeddable":true,"href":"https:\/\/ramrolf.lv\/lv\/wp-json\/wp\/v2\/product_cat?post=42309"},{"taxonomy":"product_tag","embeddable":true,"href":"https:\/\/ramrolf.lv\/lv\/wp-json\/wp\/v2\/product_tag?post=42309"}],"curies":[{"name":"wp","href":"https:\/\/api.w.org\/{rel}","templated":true}]}}