{"id":42319,"date":"2018-11-27T19:12:17","date_gmt":"2018-11-27T16:12:17","guid":{"rendered":"http:\/\/www.ramrolf.eu\/product\/lvpaslimejosas-listites-a4-10-gab\/"},"modified":"2019-09-09T17:33:20","modified_gmt":"2019-09-09T14:33:20","slug":"lvpaslimejosas-listites-a4-10-gab","status":"publish","type":"product","link":"https:\/\/ramrolf.lv\/lv\/product\/lvpaslimejosas-listites-a4-10-gab\/","title":{"rendered":"Pa\u0161l\u012bm\u0113jo\u0161\u0101s l\u012bst\u012btes A4\/10 gab."},"content":{"rendered":"","protected":false},"excerpt":{"rendered":"<p>Pa\u0161l\u012bmejo\u0161ie piederumi<\/p>\n","protected":false},"featured_media":42320,"template":"","meta":[],"product_cat":[489],"product_tag":[],"_links":{"self":[{"href":"https:\/\/ramrolf.lv\/lv\/wp-json\/wp\/v2\/product\/42319"}],"collection":[{"href":"https:\/\/ramrolf.lv\/lv\/wp-json\/wp\/v2\/product"}],"about":[{"href":"https:\/\/ramrolf.lv\/lv\/wp-json\/wp\/v2\/types\/product"}],"wp:featuredmedia":[{"embeddable":true,"href":"https:\/\/ramrolf.lv\/lv\/wp-json\/wp\/v2\/media\/42320"}],"wp:attachment":[{"href":"https:\/\/ramrolf.lv\/lv\/wp-json\/wp\/v2\/media?parent=42319"}],"wp:term":[{"taxonomy":"product_cat","embeddable":true,"href":"https:\/\/ramrolf.lv\/lv\/wp-json\/wp\/v2\/product_cat?post=42319"},{"taxonomy":"product_tag","embeddable":true,"href":"https:\/\/ramrolf.lv\/lv\/wp-json\/wp\/v2\/product_tag?post=42319"}],"curies":[{"name":"wp","href":"https:\/\/api.w.org\/{rel}","templated":true}]}}