{"id":42323,"date":"2018-11-27T19:12:18","date_gmt":"2018-11-27T16:12:18","guid":{"rendered":"http:\/\/www.ramrolf.eu\/product\/lvapvaki-iesiesanai-a4-150mic-caurspidigi-forpus\/"},"modified":"2019-03-20T10:31:31","modified_gmt":"2019-03-20T07:31:31","slug":"lvapvaki-iesiesanai-a4-150mic-caurspidigi-forpus","status":"publish","type":"product","link":"https:\/\/ramrolf.lv\/lv\/product\/lvapvaki-iesiesanai-a4-150mic-caurspidigi-forpus\/","title":{"rendered":"Apv\u0101ki iesie\u0161anai A4\/150mic caursp\u012bdigi,  FORPUS"},"content":{"rendered":"","protected":false},"excerpt":{"rendered":"<p>Caursp\u012bd\u012bgie apv\u0101ki<\/p>\n","protected":false},"featured_media":47843,"template":"","meta":[],"product_cat":[486],"product_tag":[],"_links":{"self":[{"href":"https:\/\/ramrolf.lv\/lv\/wp-json\/wp\/v2\/product\/42323"}],"collection":[{"href":"https:\/\/ramrolf.lv\/lv\/wp-json\/wp\/v2\/product"}],"about":[{"href":"https:\/\/ramrolf.lv\/lv\/wp-json\/wp\/v2\/types\/product"}],"wp:featuredmedia":[{"embeddable":true,"href":"https:\/\/ramrolf.lv\/lv\/wp-json\/wp\/v2\/media\/47843"}],"wp:attachment":[{"href":"https:\/\/ramrolf.lv\/lv\/wp-json\/wp\/v2\/media?parent=42323"}],"wp:term":[{"taxonomy":"product_cat","embeddable":true,"href":"https:\/\/ramrolf.lv\/lv\/wp-json\/wp\/v2\/product_cat?post=42323"},{"taxonomy":"product_tag","embeddable":true,"href":"https:\/\/ramrolf.lv\/lv\/wp-json\/wp\/v2\/product_tag?post=42323"}],"curies":[{"name":"wp","href":"https:\/\/api.w.org\/{rel}","templated":true}]}}