{"id":42339,"date":"2018-11-27T19:12:23","date_gmt":"2018-11-27T16:12:23","guid":{"rendered":"http:\/\/www.ramrolf.eu\/product\/lvmape-a4-lielam-dokumentu-daudzumam-balta-smlt\/"},"modified":"2021-08-25T16:31:16","modified_gmt":"2021-08-25T13:31:16","slug":"lvmape-a4-lielam-dokumentu-daudzumam-balta-smlt","status":"publish","type":"product","link":"https:\/\/ramrolf.lv\/lv\/product\/lvmape-a4-lielam-dokumentu-daudzumam-balta-smlt\/","title":{"rendered":"Mape A4 lielam dokumentu daudzumam,  balta,  SMLT"},"content":{"rendered":"","protected":false},"excerpt":{"rendered":"<p>Mapes \u0101tr\u0161uv\u0113ji<\/p>\n","protected":false},"featured_media":42340,"template":"","meta":[],"product_cat":[475],"product_tag":[],"_links":{"self":[{"href":"https:\/\/ramrolf.lv\/lv\/wp-json\/wp\/v2\/product\/42339"}],"collection":[{"href":"https:\/\/ramrolf.lv\/lv\/wp-json\/wp\/v2\/product"}],"about":[{"href":"https:\/\/ramrolf.lv\/lv\/wp-json\/wp\/v2\/types\/product"}],"wp:featuredmedia":[{"embeddable":true,"href":"https:\/\/ramrolf.lv\/lv\/wp-json\/wp\/v2\/media\/42340"}],"wp:attachment":[{"href":"https:\/\/ramrolf.lv\/lv\/wp-json\/wp\/v2\/media?parent=42339"}],"wp:term":[{"taxonomy":"product_cat","embeddable":true,"href":"https:\/\/ramrolf.lv\/lv\/wp-json\/wp\/v2\/product_cat?post=42339"},{"taxonomy":"product_tag","embeddable":true,"href":"https:\/\/ramrolf.lv\/lv\/wp-json\/wp\/v2\/product_tag?post=42339"}],"curies":[{"name":"wp","href":"https:\/\/api.w.org\/{rel}","templated":true}]}}