{"id":42545,"date":"2018-11-27T19:13:17","date_gmt":"2018-11-27T16:13:17","guid":{"rendered":"http:\/\/www.ramrolf.eu\/product\/lvapvaki-iesiesanai-a4-280mic-matetas-100gab-fellowes\/"},"modified":"2018-11-27T19:13:17","modified_gmt":"2018-11-27T16:13:17","slug":"lvapvaki-iesiesanai-a4-280mic-matetas-100gab-fellowes","status":"publish","type":"product","link":"https:\/\/ramrolf.lv\/lv\/product\/lvapvaki-iesiesanai-a4-280mic-matetas-100gab-fellowes\/","title":{"rendered":"Apv\u0101ki iesie\u0161anai A4\/280mic,  mat\u0113tas,  100gab. FELLOWES"},"content":{"rendered":"","protected":false},"excerpt":{"rendered":"<p>Caursp\u012bd\u012bgie apv\u0101ki<\/p>\n","protected":false},"featured_media":42546,"template":"","meta":[],"product_cat":[486],"product_tag":[],"_links":{"self":[{"href":"https:\/\/ramrolf.lv\/lv\/wp-json\/wp\/v2\/product\/42545"}],"collection":[{"href":"https:\/\/ramrolf.lv\/lv\/wp-json\/wp\/v2\/product"}],"about":[{"href":"https:\/\/ramrolf.lv\/lv\/wp-json\/wp\/v2\/types\/product"}],"wp:featuredmedia":[{"embeddable":true,"href":"https:\/\/ramrolf.lv\/lv\/wp-json\/wp\/v2\/media\/42546"}],"wp:attachment":[{"href":"https:\/\/ramrolf.lv\/lv\/wp-json\/wp\/v2\/media?parent=42545"}],"wp:term":[{"taxonomy":"product_cat","embeddable":true,"href":"https:\/\/ramrolf.lv\/lv\/wp-json\/wp\/v2\/product_cat?post=42545"},{"taxonomy":"product_tag","embeddable":true,"href":"https:\/\/ramrolf.lv\/lv\/wp-json\/wp\/v2\/product_tag?post=42545"}],"curies":[{"name":"wp","href":"https:\/\/api.w.org\/{rel}","templated":true}]}}