{"id":42671,"date":"2018-11-27T19:13:53","date_gmt":"2018-11-27T16:13:53","guid":{"rendered":"http:\/\/www.ramrolf.eu\/product\/lvindeksi-20x50mm-4kras-papira\/"},"modified":"2019-01-29T16:34:37","modified_gmt":"2019-01-29T13:34:37","slug":"indeksi-20mm50mm-160lpp-neona-krasa-papira","status":"publish","type":"product","link":"https:\/\/ramrolf.lv\/lv\/product\/indeksi-20mm50mm-160lpp-neona-krasa-papira\/","title":{"rendered":"Indeksi 20mm*50mm 160lpp neona kr\u0101sa, pap\u012bra"},"content":{"rendered":"","protected":false},"excerpt":{"rendered":"<p>Indeksi no pap\u012bra<\/p>\n","protected":false},"featured_media":42672,"template":"","meta":[],"product_cat":[480],"product_tag":[],"_links":{"self":[{"href":"https:\/\/ramrolf.lv\/lv\/wp-json\/wp\/v2\/product\/42671"}],"collection":[{"href":"https:\/\/ramrolf.lv\/lv\/wp-json\/wp\/v2\/product"}],"about":[{"href":"https:\/\/ramrolf.lv\/lv\/wp-json\/wp\/v2\/types\/product"}],"wp:featuredmedia":[{"embeddable":true,"href":"https:\/\/ramrolf.lv\/lv\/wp-json\/wp\/v2\/media\/42672"}],"wp:attachment":[{"href":"https:\/\/ramrolf.lv\/lv\/wp-json\/wp\/v2\/media?parent=42671"}],"wp:term":[{"taxonomy":"product_cat","embeddable":true,"href":"https:\/\/ramrolf.lv\/lv\/wp-json\/wp\/v2\/product_cat?post=42671"},{"taxonomy":"product_tag","embeddable":true,"href":"https:\/\/ramrolf.lv\/lv\/wp-json\/wp\/v2\/product_tag?post=42671"}],"curies":[{"name":"wp","href":"https:\/\/api.w.org\/{rel}","templated":true}]}}