{"id":42735,"date":"2018-11-27T19:14:12","date_gmt":"2018-11-27T16:14:12","guid":{"rendered":"http:\/\/www.ramrolf.eu\/product\/lvmape-ar-klipsi-barocco-a4-oranza\/"},"modified":"2019-02-27T11:27:51","modified_gmt":"2019-02-27T08:27:51","slug":"mape-forpus-barocco-ar-klipsi-a4-oranza-krasa","status":"publish","type":"product","link":"https:\/\/ramrolf.lv\/lv\/product\/mape-forpus-barocco-ar-klipsi-a4-oranza-krasa\/","title":{"rendered":"Mape Forpus BAROCCO ar klipsi, A4 oran\u017ea kr\u0101sa"},"content":{"rendered":"","protected":false},"excerpt":{"rendered":"<p>Mapes ar &#8220;CLIP&#8221; piespied\u0113ju<\/p>\n","protected":false},"featured_media":47357,"template":"","meta":[],"product_cat":[485],"product_tag":[],"_links":{"self":[{"href":"https:\/\/ramrolf.lv\/lv\/wp-json\/wp\/v2\/product\/42735"}],"collection":[{"href":"https:\/\/ramrolf.lv\/lv\/wp-json\/wp\/v2\/product"}],"about":[{"href":"https:\/\/ramrolf.lv\/lv\/wp-json\/wp\/v2\/types\/product"}],"wp:featuredmedia":[{"embeddable":true,"href":"https:\/\/ramrolf.lv\/lv\/wp-json\/wp\/v2\/media\/47357"}],"wp:attachment":[{"href":"https:\/\/ramrolf.lv\/lv\/wp-json\/wp\/v2\/media?parent=42735"}],"wp:term":[{"taxonomy":"product_cat","embeddable":true,"href":"https:\/\/ramrolf.lv\/lv\/wp-json\/wp\/v2\/product_cat?post=42735"},{"taxonomy":"product_tag","embeddable":true,"href":"https:\/\/ramrolf.lv\/lv\/wp-json\/wp\/v2\/product_tag?post=42735"}],"curies":[{"name":"wp","href":"https:\/\/api.w.org\/{rel}","templated":true}]}}