{"id":42857,"date":"2018-11-27T19:14:48","date_gmt":"2018-11-27T16:14:48","guid":{"rendered":"http:\/\/www.ramrolf.eu\/product\/lvregistrs-forpus-a4-70mm-zala-marmora-krasa\/"},"modified":"2019-02-19T16:41:09","modified_gmt":"2019-02-19T13:41:09","slug":"lvregistrs-forpus-a4-80mm-oranza-marmora-krasa","status":"publish","type":"product","link":"https:\/\/ramrolf.lv\/lv\/product\/lvregistrs-forpus-a4-80mm-oranza-marmora-krasa\/","title":{"rendered":"Re\u0123istrs FORPUS A4\/80mm oran\u017ea-marmora kr\u0101sa"},"content":{"rendered":"","protected":false},"excerpt":{"rendered":"<p>Re\u0123istri A4 no kartona<\/p>\n","protected":false},"featured_media":42858,"template":"","meta":[],"product_cat":[493],"product_tag":[],"_links":{"self":[{"href":"https:\/\/ramrolf.lv\/lv\/wp-json\/wp\/v2\/product\/42857"}],"collection":[{"href":"https:\/\/ramrolf.lv\/lv\/wp-json\/wp\/v2\/product"}],"about":[{"href":"https:\/\/ramrolf.lv\/lv\/wp-json\/wp\/v2\/types\/product"}],"wp:featuredmedia":[{"embeddable":true,"href":"https:\/\/ramrolf.lv\/lv\/wp-json\/wp\/v2\/media\/42858"}],"wp:attachment":[{"href":"https:\/\/ramrolf.lv\/lv\/wp-json\/wp\/v2\/media?parent=42857"}],"wp:term":[{"taxonomy":"product_cat","embeddable":true,"href":"https:\/\/ramrolf.lv\/lv\/wp-json\/wp\/v2\/product_cat?post=42857"},{"taxonomy":"product_tag","embeddable":true,"href":"https:\/\/ramrolf.lv\/lv\/wp-json\/wp\/v2\/product_tag?post=42857"}],"curies":[{"name":"wp","href":"https:\/\/api.w.org\/{rel}","templated":true}]}}