{"id":42899,"date":"2018-11-27T19:15:01","date_gmt":"2018-11-27T16:15:01","guid":{"rendered":"http:\/\/www.ramrolf.eu\/product\/lvmape-ar-piespiedeju-a4-melna-forpus\/"},"modified":"2019-02-20T17:07:20","modified_gmt":"2019-02-20T14:07:20","slug":"mape-ar-piespiedeju-basic-a4-melna","status":"publish","type":"product","link":"https:\/\/ramrolf.lv\/lv\/product\/mape-ar-piespiedeju-basic-a4-melna\/","title":{"rendered":"Mape ar piespied\u0113ju BASIC A4, melna"},"content":{"rendered":"","protected":false},"excerpt":{"rendered":"<p>Mapes no plastik\u0101ta ar piespied\u0113ju<\/p>\n","protected":false},"featured_media":42900,"template":"","meta":[],"product_cat":[485],"product_tag":[],"_links":{"self":[{"href":"https:\/\/ramrolf.lv\/lv\/wp-json\/wp\/v2\/product\/42899"}],"collection":[{"href":"https:\/\/ramrolf.lv\/lv\/wp-json\/wp\/v2\/product"}],"about":[{"href":"https:\/\/ramrolf.lv\/lv\/wp-json\/wp\/v2\/types\/product"}],"wp:featuredmedia":[{"embeddable":true,"href":"https:\/\/ramrolf.lv\/lv\/wp-json\/wp\/v2\/media\/42900"}],"wp:attachment":[{"href":"https:\/\/ramrolf.lv\/lv\/wp-json\/wp\/v2\/media?parent=42899"}],"wp:term":[{"taxonomy":"product_cat","embeddable":true,"href":"https:\/\/ramrolf.lv\/lv\/wp-json\/wp\/v2\/product_cat?post=42899"},{"taxonomy":"product_tag","embeddable":true,"href":"https:\/\/ramrolf.lv\/lv\/wp-json\/wp\/v2\/product_tag?post=42899"}],"curies":[{"name":"wp","href":"https:\/\/api.w.org\/{rel}","templated":true}]}}