{"id":42987,"date":"2018-11-27T19:15:28","date_gmt":"2018-11-27T16:15:28","guid":{"rendered":"http:\/\/www.ramrolf.eu\/product\/lvmape-ar-gumiju-a4-sarkana-forpus\/"},"modified":"2019-01-30T11:54:35","modified_gmt":"2019-01-30T08:54:35","slug":"lvmape-ar-gumiju-a4-sarkana-forpus","status":"publish","type":"product","link":"https:\/\/ramrolf.lv\/lv\/product\/lvmape-ar-gumiju-a4-sarkana-forpus\/","title":{"rendered":"Mape ar gumiju A4 sarkana,  FORPUS"},"content":{"rendered":"","protected":false},"excerpt":{"rendered":"<p>Praktiska, nodilumiztur\u012bga mape no iztur\u012bgas, pl\u0101nas, necaursp\u012bd\u012bgas plastmasas ar trim platiem iek\u0161\u0113jiem fiks\u0113t\u0101jiem. St\u016bros cie\u0161i aiztais\u0101ma ar apa\u013caj\u0101m gumij\u0101m. Ietilpst l\u012bdz 150 standarta lap\u0101m.<\/p>\n","protected":false},"featured_media":42988,"template":"","meta":[],"product_cat":[487],"product_tag":[],"_links":{"self":[{"href":"https:\/\/ramrolf.lv\/lv\/wp-json\/wp\/v2\/product\/42987"}],"collection":[{"href":"https:\/\/ramrolf.lv\/lv\/wp-json\/wp\/v2\/product"}],"about":[{"href":"https:\/\/ramrolf.lv\/lv\/wp-json\/wp\/v2\/types\/product"}],"wp:featuredmedia":[{"embeddable":true,"href":"https:\/\/ramrolf.lv\/lv\/wp-json\/wp\/v2\/media\/42988"}],"wp:attachment":[{"href":"https:\/\/ramrolf.lv\/lv\/wp-json\/wp\/v2\/media?parent=42987"}],"wp:term":[{"taxonomy":"product_cat","embeddable":true,"href":"https:\/\/ramrolf.lv\/lv\/wp-json\/wp\/v2\/product_cat?post=42987"},{"taxonomy":"product_tag","embeddable":true,"href":"https:\/\/ramrolf.lv\/lv\/wp-json\/wp\/v2\/product_tag?post=42987"}],"curies":[{"name":"wp","href":"https:\/\/api.w.org\/{rel}","templated":true}]}}