{"id":43003,"date":"2018-11-27T19:15:33","date_gmt":"2018-11-27T16:15:33","guid":{"rendered":"http:\/\/www.ramrolf.eu\/product\/lvmape-ar-piespiedeju-a4-caurspidigi-dzeltena-forpus\/"},"modified":"2019-02-20T16:56:59","modified_gmt":"2019-02-20T13:56:59","slug":"lvmape-ar-piespiedeju-a4-caurspidigi-dzeltena-forpus","status":"publish","type":"product","link":"https:\/\/ramrolf.lv\/lv\/product\/lvmape-ar-piespiedeju-a4-caurspidigi-dzeltena-forpus\/","title":{"rendered":"Mape ar piespied\u0113ju A4 caursp\u012bd\u012bgi dzeltena,  Forpus"},"content":{"rendered":"","protected":false},"excerpt":{"rendered":"<p>Mape no skaistas, caursp\u012bd\u012bgas, rievotas plastmasas. Augstas kvalit\u0101tes piespied\u0113jmeh\u0101nisms. Liela divpus\u0113ja kabata ar eti\u0137eti mar\u0137\u0113jumam. Muguri\u0146as platums \u2013 2 cm. Virs\u0113j\u0101 v\u0101ka iek\u0161pus\u0113 liela, caursp\u012bd\u012bga plastmasas kabata ar viz\u012btkartes lieluma atv\u0113rumu.<\/p>\n","protected":false},"featured_media":43004,"template":"","meta":[],"product_cat":[485],"product_tag":[],"_links":{"self":[{"href":"https:\/\/ramrolf.lv\/lv\/wp-json\/wp\/v2\/product\/43003"}],"collection":[{"href":"https:\/\/ramrolf.lv\/lv\/wp-json\/wp\/v2\/product"}],"about":[{"href":"https:\/\/ramrolf.lv\/lv\/wp-json\/wp\/v2\/types\/product"}],"wp:featuredmedia":[{"embeddable":true,"href":"https:\/\/ramrolf.lv\/lv\/wp-json\/wp\/v2\/media\/43004"}],"wp:attachment":[{"href":"https:\/\/ramrolf.lv\/lv\/wp-json\/wp\/v2\/media?parent=43003"}],"wp:term":[{"taxonomy":"product_cat","embeddable":true,"href":"https:\/\/ramrolf.lv\/lv\/wp-json\/wp\/v2\/product_cat?post=43003"},{"taxonomy":"product_tag","embeddable":true,"href":"https:\/\/ramrolf.lv\/lv\/wp-json\/wp\/v2\/product_tag?post=43003"}],"curies":[{"name":"wp","href":"https:\/\/api.w.org\/{rel}","templated":true}]}}