{"id":43052,"date":"2018-11-27T19:15:52","date_gmt":"2018-11-27T16:15:52","guid":{"rendered":"http:\/\/www.ramrolf.eu\/product\/lvapvaki-iesiesanai-a4-200mic-caurspidigi-sarkana-krasa-forpus\/"},"modified":"2019-03-20T10:48:14","modified_gmt":"2019-03-20T07:48:14","slug":"lvapvaki-iesiesanai-a4-200mic-caurspidigi-sarkana-krasa-forpus","status":"publish","type":"product","link":"https:\/\/ramrolf.lv\/lv\/product\/lvapvaki-iesiesanai-a4-200mic-caurspidigi-sarkana-krasa-forpus\/","title":{"rendered":"Apv\u0101ki iesie\u0161anai A4\/200mic caursp\u012bd\u012bgi sarkana kr\u0101sa FORPUS"},"content":{"rendered":"","protected":false},"excerpt":{"rendered":"<p>Caursp\u012bd\u012bgie apv\u0101ki<\/p>\n","protected":false},"featured_media":47843,"template":"","meta":[],"product_cat":[486],"product_tag":[],"_links":{"self":[{"href":"https:\/\/ramrolf.lv\/lv\/wp-json\/wp\/v2\/product\/43052"}],"collection":[{"href":"https:\/\/ramrolf.lv\/lv\/wp-json\/wp\/v2\/product"}],"about":[{"href":"https:\/\/ramrolf.lv\/lv\/wp-json\/wp\/v2\/types\/product"}],"wp:featuredmedia":[{"embeddable":true,"href":"https:\/\/ramrolf.lv\/lv\/wp-json\/wp\/v2\/media\/47843"}],"wp:attachment":[{"href":"https:\/\/ramrolf.lv\/lv\/wp-json\/wp\/v2\/media?parent=43052"}],"wp:term":[{"taxonomy":"product_cat","embeddable":true,"href":"https:\/\/ramrolf.lv\/lv\/wp-json\/wp\/v2\/product_cat?post=43052"},{"taxonomy":"product_tag","embeddable":true,"href":"https:\/\/ramrolf.lv\/lv\/wp-json\/wp\/v2\/product_tag?post=43052"}],"curies":[{"name":"wp","href":"https:\/\/api.w.org\/{rel}","templated":true}]}}