{"id":43054,"date":"2018-11-27T19:15:52","date_gmt":"2018-11-27T16:15:52","guid":{"rendered":"http:\/\/www.ramrolf.eu\/product\/lvmape-ar-gumiju-a4-peleka-forpus\/"},"modified":"2019-01-30T11:55:29","modified_gmt":"2019-01-30T08:55:29","slug":"lvmape-ar-gumiju-a4-peleka-forpus","status":"publish","type":"product","link":"https:\/\/ramrolf.lv\/lv\/product\/lvmape-ar-gumiju-a4-peleka-forpus\/","title":{"rendered":"Mape ar gumiju A4 pel\u0113ka,  FORPUS"},"content":{"rendered":"","protected":false},"excerpt":{"rendered":"<p>Praktiska, nodilumiztur\u012bga mape no iztur\u012bgas, pl\u0101nas, necaursp\u012bd\u012bgas plastmasas ar trim platiem iek\u0161\u0113jiem fiks\u0113t\u0101jiem. St\u016bros cie\u0161i aiztais\u0101ma ar apa\u013caj\u0101m gumij\u0101m. Ietilpst l\u012bdz 150 standarta lap\u0101m.<\/p>\n","protected":false},"featured_media":43055,"template":"","meta":[],"product_cat":[487],"product_tag":[],"_links":{"self":[{"href":"https:\/\/ramrolf.lv\/lv\/wp-json\/wp\/v2\/product\/43054"}],"collection":[{"href":"https:\/\/ramrolf.lv\/lv\/wp-json\/wp\/v2\/product"}],"about":[{"href":"https:\/\/ramrolf.lv\/lv\/wp-json\/wp\/v2\/types\/product"}],"wp:featuredmedia":[{"embeddable":true,"href":"https:\/\/ramrolf.lv\/lv\/wp-json\/wp\/v2\/media\/43055"}],"wp:attachment":[{"href":"https:\/\/ramrolf.lv\/lv\/wp-json\/wp\/v2\/media?parent=43054"}],"wp:term":[{"taxonomy":"product_cat","embeddable":true,"href":"https:\/\/ramrolf.lv\/lv\/wp-json\/wp\/v2\/product_cat?post=43054"},{"taxonomy":"product_tag","embeddable":true,"href":"https:\/\/ramrolf.lv\/lv\/wp-json\/wp\/v2\/product_tag?post=43054"}],"curies":[{"name":"wp","href":"https:\/\/api.w.org\/{rel}","templated":true}]}}