{"id":43202,"date":"2018-11-27T19:16:37","date_gmt":"2018-11-27T16:16:37","guid":{"rendered":"http:\/\/www.ramrolf.eu\/product\/lvkabata-paslimejosa-a4-220x305mm-1gab\/"},"modified":"2021-08-25T16:31:06","modified_gmt":"2021-08-25T13:31:06","slug":"lvkabata-paslimejosa-a4-220x305mm-1gab","status":"publish","type":"product","link":"https:\/\/ramrolf.lv\/lv\/product\/lvkabata-paslimejosa-a4-220x305mm-1gab\/","title":{"rendered":"Kabata pa\u0161l\u012bm\u0113jo\u0161a A4,  220x305mm\/1gab."},"content":{"rendered":"","protected":false},"excerpt":{"rendered":"<p>Pa\u0161l\u012bmejo\u0161ie piederumi<\/p>\n","protected":false},"featured_media":43203,"template":"","meta":[],"product_cat":[489,482,475],"product_tag":[],"_links":{"self":[{"href":"https:\/\/ramrolf.lv\/lv\/wp-json\/wp\/v2\/product\/43202"}],"collection":[{"href":"https:\/\/ramrolf.lv\/lv\/wp-json\/wp\/v2\/product"}],"about":[{"href":"https:\/\/ramrolf.lv\/lv\/wp-json\/wp\/v2\/types\/product"}],"wp:featuredmedia":[{"embeddable":true,"href":"https:\/\/ramrolf.lv\/lv\/wp-json\/wp\/v2\/media\/43203"}],"wp:attachment":[{"href":"https:\/\/ramrolf.lv\/lv\/wp-json\/wp\/v2\/media?parent=43202"}],"wp:term":[{"taxonomy":"product_cat","embeddable":true,"href":"https:\/\/ramrolf.lv\/lv\/wp-json\/wp\/v2\/product_cat?post=43202"},{"taxonomy":"product_tag","embeddable":true,"href":"https:\/\/ramrolf.lv\/lv\/wp-json\/wp\/v2\/product_tag?post=43202"}],"curies":[{"name":"wp","href":"https:\/\/api.w.org\/{rel}","templated":true}]}}