{"id":43334,"date":"2018-11-27T19:17:19","date_gmt":"2018-11-27T16:17:19","guid":{"rendered":"http:\/\/www.ramrolf.eu\/product\/lvarhiva-karba-a4-120x245x335mm\/"},"modified":"2019-01-30T14:24:40","modified_gmt":"2019-01-30T11:24:40","slug":"arhiva-karba-a4-120x245x335mm","status":"publish","type":"product","link":"https:\/\/ramrolf.lv\/lv\/product\/arhiva-karba-a4-120x245x335mm\/","title":{"rendered":"Arh\u012bva k\u0101rba A4 120x245x335mm"},"content":{"rendered":"","protected":false},"excerpt":{"rendered":"<p>Ide\u0101ls risin\u0101jums arh\u012bva ilgsto\u0161ai glab\u0101\u0161anai. K\u0101rbas no bl\u012bva, kvalitat\u012bva gofr\u0113t\u0101 kartona. Atveres satver\u0161anai. L\u012bnijotas vietas mar\u0137\u0113jumam un paskaidrojumiem. Atverams pa \u012bs\u0101ko malu.<\/p>\n","protected":false},"featured_media":43335,"template":"","meta":[],"product_cat":[477],"product_tag":[],"_links":{"self":[{"href":"https:\/\/ramrolf.lv\/lv\/wp-json\/wp\/v2\/product\/43334"}],"collection":[{"href":"https:\/\/ramrolf.lv\/lv\/wp-json\/wp\/v2\/product"}],"about":[{"href":"https:\/\/ramrolf.lv\/lv\/wp-json\/wp\/v2\/types\/product"}],"wp:featuredmedia":[{"embeddable":true,"href":"https:\/\/ramrolf.lv\/lv\/wp-json\/wp\/v2\/media\/43335"}],"wp:attachment":[{"href":"https:\/\/ramrolf.lv\/lv\/wp-json\/wp\/v2\/media?parent=43334"}],"wp:term":[{"taxonomy":"product_cat","embeddable":true,"href":"https:\/\/ramrolf.lv\/lv\/wp-json\/wp\/v2\/product_cat?post=43334"},{"taxonomy":"product_tag","embeddable":true,"href":"https:\/\/ramrolf.lv\/lv\/wp-json\/wp\/v2\/product_tag?post=43334"}],"curies":[{"name":"wp","href":"https:\/\/api.w.org\/{rel}","templated":true}]}}