{"id":43370,"date":"2018-11-27T19:17:32","date_gmt":"2018-11-27T16:17:32","guid":{"rendered":"http:\/\/www.ramrolf.eu\/product\/lvarhiva-karba-a4-80x250x325mm\/"},"modified":"2019-01-30T14:11:33","modified_gmt":"2019-01-30T11:11:33","slug":"arhiva-karba-a4-80x250x325mm","status":"publish","type":"product","link":"https:\/\/ramrolf.lv\/lv\/product\/arhiva-karba-a4-80x250x325mm\/","title":{"rendered":"Arh\u012bva k\u0101rba A4 80x250x325mm"},"content":{"rendered":"","protected":false},"excerpt":{"rendered":"<p>Ide\u0101ls risin\u0101jums arh\u012bva ilgsto\u0161ai glab\u0101\u0161anai. K\u0101rbas no bl\u012bva, kvalitat\u012bva gofr\u0113t\u0101 kartona. Atveres satver\u0161anai. L\u012bnijotas vietas mar\u0137\u0113jumam un paskaidrojumiem. Atverams pa gar\u0101ko malu. Ar fiks\u0113jo\u0161u sl\u0113dzi.<\/p>\n","protected":false},"featured_media":43371,"template":"","meta":[],"product_cat":[477],"product_tag":[],"_links":{"self":[{"href":"https:\/\/ramrolf.lv\/lv\/wp-json\/wp\/v2\/product\/43370"}],"collection":[{"href":"https:\/\/ramrolf.lv\/lv\/wp-json\/wp\/v2\/product"}],"about":[{"href":"https:\/\/ramrolf.lv\/lv\/wp-json\/wp\/v2\/types\/product"}],"wp:featuredmedia":[{"embeddable":true,"href":"https:\/\/ramrolf.lv\/lv\/wp-json\/wp\/v2\/media\/43371"}],"wp:attachment":[{"href":"https:\/\/ramrolf.lv\/lv\/wp-json\/wp\/v2\/media?parent=43370"}],"wp:term":[{"taxonomy":"product_cat","embeddable":true,"href":"https:\/\/ramrolf.lv\/lv\/wp-json\/wp\/v2\/product_cat?post=43370"},{"taxonomy":"product_tag","embeddable":true,"href":"https:\/\/ramrolf.lv\/lv\/wp-json\/wp\/v2\/product_tag?post=43370"}],"curies":[{"name":"wp","href":"https:\/\/api.w.org\/{rel}","templated":true}]}}