{"id":43422,"date":"2018-11-27T19:17:49","date_gmt":"2018-11-27T16:17:49","guid":{"rendered":"http:\/\/www.ramrolf.eu\/product\/lvarhiva-karba-a4-80mm-fellowes-no-bruna-gofreta-kartona\/"},"modified":"2019-01-30T14:04:09","modified_gmt":"2019-01-30T11:04:09","slug":"lvarhiva-karba-a4-80mm-fellowes-no-bruna-gofreta-kartona","status":"publish","type":"product","link":"https:\/\/ramrolf.lv\/lv\/product\/lvarhiva-karba-a4-80mm-fellowes-no-bruna-gofreta-kartona\/","title":{"rendered":"Arh\u012bva k\u0101rba A4\/80mm Fellowes,  no br\u016bna gofr\u0113ta kartona"},"content":{"rendered":"","protected":false},"excerpt":{"rendered":"<p>arh\u012bva boksi un kastes<\/p>\n","protected":false},"featured_media":43423,"template":"","meta":[],"product_cat":[477],"product_tag":[],"_links":{"self":[{"href":"https:\/\/ramrolf.lv\/lv\/wp-json\/wp\/v2\/product\/43422"}],"collection":[{"href":"https:\/\/ramrolf.lv\/lv\/wp-json\/wp\/v2\/product"}],"about":[{"href":"https:\/\/ramrolf.lv\/lv\/wp-json\/wp\/v2\/types\/product"}],"wp:featuredmedia":[{"embeddable":true,"href":"https:\/\/ramrolf.lv\/lv\/wp-json\/wp\/v2\/media\/43423"}],"wp:attachment":[{"href":"https:\/\/ramrolf.lv\/lv\/wp-json\/wp\/v2\/media?parent=43422"}],"wp:term":[{"taxonomy":"product_cat","embeddable":true,"href":"https:\/\/ramrolf.lv\/lv\/wp-json\/wp\/v2\/product_cat?post=43422"},{"taxonomy":"product_tag","embeddable":true,"href":"https:\/\/ramrolf.lv\/lv\/wp-json\/wp\/v2\/product_tag?post=43422"}],"curies":[{"name":"wp","href":"https:\/\/api.w.org\/{rel}","templated":true}]}}