{"id":43540,"date":"2018-11-27T19:18:25","date_gmt":"2018-11-27T16:18:25","guid":{"rendered":"http:\/\/www.ramrolf.eu\/product\/lvarhivu-konteiners-karbam-fellowes-380x287x430mm\/"},"modified":"2019-01-30T14:05:34","modified_gmt":"2019-01-30T11:05:34","slug":"lvarhivu-konteiners-karbam-fellowes-380x287x430mm","status":"publish","type":"product","link":"https:\/\/ramrolf.lv\/lv\/product\/lvarhivu-konteiners-karbam-fellowes-380x287x430mm\/","title":{"rendered":"Arh\u012bvu konteiners k\u0101rb\u0101m FELLOWES 380x287x430mm"},"content":{"rendered":"","protected":false},"excerpt":{"rendered":"<p>arh\u012bva boksi un kastes<\/p>\n","protected":false},"featured_media":43541,"template":"","meta":[],"product_cat":[477],"product_tag":[],"_links":{"self":[{"href":"https:\/\/ramrolf.lv\/lv\/wp-json\/wp\/v2\/product\/43540"}],"collection":[{"href":"https:\/\/ramrolf.lv\/lv\/wp-json\/wp\/v2\/product"}],"about":[{"href":"https:\/\/ramrolf.lv\/lv\/wp-json\/wp\/v2\/types\/product"}],"wp:featuredmedia":[{"embeddable":true,"href":"https:\/\/ramrolf.lv\/lv\/wp-json\/wp\/v2\/media\/43541"}],"wp:attachment":[{"href":"https:\/\/ramrolf.lv\/lv\/wp-json\/wp\/v2\/media?parent=43540"}],"wp:term":[{"taxonomy":"product_cat","embeddable":true,"href":"https:\/\/ramrolf.lv\/lv\/wp-json\/wp\/v2\/product_cat?post=43540"},{"taxonomy":"product_tag","embeddable":true,"href":"https:\/\/ramrolf.lv\/lv\/wp-json\/wp\/v2\/product_tag?post=43540"}],"curies":[{"name":"wp","href":"https:\/\/api.w.org\/{rel}","templated":true}]}}