{"id":43552,"date":"2018-11-27T19:18:30","date_gmt":"2018-11-27T16:18:30","guid":{"rendered":"http:\/\/www.ramrolf.eu\/product\/lvregistrs-a4-70mm-zals\/"},"modified":"2019-02-19T13:39:04","modified_gmt":"2019-02-19T10:39:04","slug":"lvregistrs-a4-70mm-zals","status":"publish","type":"product","link":"https:\/\/ramrolf.lv\/lv\/product\/lvregistrs-a4-70mm-zals\/","title":{"rendered":"Re\u0123istrs A4 70mm,  za\u013c\u0161"},"content":{"rendered":"","protected":false},"excerpt":{"rendered":"<p>Re\u0123istri A4\/75 mm<\/p>\n","protected":false},"featured_media":43553,"template":"","meta":[],"product_cat":[493],"product_tag":[],"_links":{"self":[{"href":"https:\/\/ramrolf.lv\/lv\/wp-json\/wp\/v2\/product\/43552"}],"collection":[{"href":"https:\/\/ramrolf.lv\/lv\/wp-json\/wp\/v2\/product"}],"about":[{"href":"https:\/\/ramrolf.lv\/lv\/wp-json\/wp\/v2\/types\/product"}],"wp:featuredmedia":[{"embeddable":true,"href":"https:\/\/ramrolf.lv\/lv\/wp-json\/wp\/v2\/media\/43553"}],"wp:attachment":[{"href":"https:\/\/ramrolf.lv\/lv\/wp-json\/wp\/v2\/media?parent=43552"}],"wp:term":[{"taxonomy":"product_cat","embeddable":true,"href":"https:\/\/ramrolf.lv\/lv\/wp-json\/wp\/v2\/product_cat?post=43552"},{"taxonomy":"product_tag","embeddable":true,"href":"https:\/\/ramrolf.lv\/lv\/wp-json\/wp\/v2\/product_tag?post=43552"}],"curies":[{"name":"wp","href":"https:\/\/api.w.org\/{rel}","templated":true}]}}