{"id":43562,"date":"2018-11-27T19:18:34","date_gmt":"2018-11-27T16:18:34","guid":{"rendered":"http:\/\/www.ramrolf.eu\/product\/lvmape-ar-pogu-a4-crystal-forpus-zila\/"},"modified":"2019-02-26T15:48:58","modified_gmt":"2019-02-26T12:48:58","slug":"mape-aploksne-ar-spiedpogu-forpus-a4-zila-2","status":"publish","type":"product","link":"https:\/\/ramrolf.lv\/lv\/product\/mape-aploksne-ar-spiedpogu-forpus-a4-zila-2\/","title":{"rendered":"Mape-aploksne ar spiedpogu FORPUS A4, zila"},"content":{"rendered":"","protected":false},"excerpt":{"rendered":"<p>Pl\u0101na mape no m\u012bkstas, caursp\u012bd\u012bgas, augstas kvalit\u0101tes plastmasas dokumentu glab\u0101\u0161anai un transport\u0113\u0161anai. Cie\u0161i aiztais\u0101ma ar spiedpogu. Ietilpst l\u012bdz 100 standarta lap\u0101m.<\/p>\n","protected":false},"featured_media":47141,"template":"","meta":[],"product_cat":[950],"product_tag":[],"_links":{"self":[{"href":"https:\/\/ramrolf.lv\/lv\/wp-json\/wp\/v2\/product\/43562"}],"collection":[{"href":"https:\/\/ramrolf.lv\/lv\/wp-json\/wp\/v2\/product"}],"about":[{"href":"https:\/\/ramrolf.lv\/lv\/wp-json\/wp\/v2\/types\/product"}],"wp:featuredmedia":[{"embeddable":true,"href":"https:\/\/ramrolf.lv\/lv\/wp-json\/wp\/v2\/media\/47141"}],"wp:attachment":[{"href":"https:\/\/ramrolf.lv\/lv\/wp-json\/wp\/v2\/media?parent=43562"}],"wp:term":[{"taxonomy":"product_cat","embeddable":true,"href":"https:\/\/ramrolf.lv\/lv\/wp-json\/wp\/v2\/product_cat?post=43562"},{"taxonomy":"product_tag","embeddable":true,"href":"https:\/\/ramrolf.lv\/lv\/wp-json\/wp\/v2\/product_tag?post=43562"}],"curies":[{"name":"wp","href":"https:\/\/api.w.org\/{rel}","templated":true}]}}