{"id":43622,"date":"2018-11-27T19:18:56","date_gmt":"2018-11-27T16:18:56","guid":{"rendered":"http:\/\/www.ramrolf.eu\/product\/lvregistrs-a4-50mm-gaisi-violets-forpus\/"},"modified":"2019-02-19T13:29:09","modified_gmt":"2019-02-19T10:29:09","slug":"registrs-a4-50mm-gaisi-violets-forpus","status":"publish","type":"product","link":"https:\/\/ramrolf.lv\/lv\/product\/registrs-a4-50mm-gaisi-violets-forpus\/","title":{"rendered":"Re\u0123istrs A4 50mm,  gai\u0161i violets,  FORPUS"},"content":{"rendered":"","protected":false},"excerpt":{"rendered":"<p>Mape re\u0123istrs izgatavots no videi nekait\u012bga PP materi\u0101la, apak\u0161\u0113j\u0101 mala ar met\u0101la apmali. Mapei uz muguras ir kabata ar main\u0101mu eti\u0137eti. Pieejamas 12 kr\u0101s\u0101s. Ra\u017eots EU <\/p>\n","protected":false},"featured_media":43623,"template":"","meta":[],"product_cat":[493],"product_tag":[],"_links":{"self":[{"href":"https:\/\/ramrolf.lv\/lv\/wp-json\/wp\/v2\/product\/43622"}],"collection":[{"href":"https:\/\/ramrolf.lv\/lv\/wp-json\/wp\/v2\/product"}],"about":[{"href":"https:\/\/ramrolf.lv\/lv\/wp-json\/wp\/v2\/types\/product"}],"wp:featuredmedia":[{"embeddable":true,"href":"https:\/\/ramrolf.lv\/lv\/wp-json\/wp\/v2\/media\/43623"}],"wp:attachment":[{"href":"https:\/\/ramrolf.lv\/lv\/wp-json\/wp\/v2\/media?parent=43622"}],"wp:term":[{"taxonomy":"product_cat","embeddable":true,"href":"https:\/\/ramrolf.lv\/lv\/wp-json\/wp\/v2\/product_cat?post=43622"},{"taxonomy":"product_tag","embeddable":true,"href":"https:\/\/ramrolf.lv\/lv\/wp-json\/wp\/v2\/product_tag?post=43622"}],"curies":[{"name":"wp","href":"https:\/\/api.w.org\/{rel}","templated":true}]}}