{"id":43767,"date":"2018-11-27T19:19:50","date_gmt":"2018-11-27T16:19:50","guid":{"rendered":"http:\/\/www.ramrolf.eu\/product\/lvregistrs-a4-70mm-peleks\/"},"modified":"2019-02-19T13:33:18","modified_gmt":"2019-02-19T10:33:18","slug":"lvregistrs-a4-70mm-peleks","status":"publish","type":"product","link":"https:\/\/ramrolf.lv\/lv\/product\/lvregistrs-a4-70mm-peleks\/","title":{"rendered":"Re\u0123istrs A4 70mm,  pel\u0113ks"},"content":{"rendered":"","protected":false},"excerpt":{"rendered":"<p>Mape re\u0123istrs izgatavots no videi nekait\u012bga PP materi\u0101la, apak\u0161\u0113j\u0101 mala ar met\u0101la apmali. Mapei uz muguras ir kabata ar main\u0101mu eti\u0137eti. <\/p>\n","protected":false},"featured_media":43768,"template":"","meta":[],"product_cat":[493],"product_tag":[],"_links":{"self":[{"href":"https:\/\/ramrolf.lv\/lv\/wp-json\/wp\/v2\/product\/43767"}],"collection":[{"href":"https:\/\/ramrolf.lv\/lv\/wp-json\/wp\/v2\/product"}],"about":[{"href":"https:\/\/ramrolf.lv\/lv\/wp-json\/wp\/v2\/types\/product"}],"wp:featuredmedia":[{"embeddable":true,"href":"https:\/\/ramrolf.lv\/lv\/wp-json\/wp\/v2\/media\/43768"}],"wp:attachment":[{"href":"https:\/\/ramrolf.lv\/lv\/wp-json\/wp\/v2\/media?parent=43767"}],"wp:term":[{"taxonomy":"product_cat","embeddable":true,"href":"https:\/\/ramrolf.lv\/lv\/wp-json\/wp\/v2\/product_cat?post=43767"},{"taxonomy":"product_tag","embeddable":true,"href":"https:\/\/ramrolf.lv\/lv\/wp-json\/wp\/v2\/product_tag?post=43767"}],"curies":[{"name":"wp","href":"https:\/\/api.w.org\/{rel}","templated":true}]}}