{"id":43907,"date":"2018-11-27T19:20:32","date_gmt":"2018-11-27T16:20:32","guid":{"rendered":"http:\/\/www.ramrolf.eu\/product\/lvkabata-esselte-a3-horizontala-75mic-mateta\/"},"modified":"2019-01-30T11:39:34","modified_gmt":"2019-01-30T08:39:34","slug":"lvkabata-esselte-a3-horizontala-75mic-mateta","status":"publish","type":"product","link":"https:\/\/ramrolf.lv\/lv\/product\/lvkabata-esselte-a3-horizontala-75mic-mateta\/","title":{"rendered":"Kabata ESSELTE A3 horizont\u0101la 75mic. mat\u0113ta"},"content":{"rendered":"","protected":false},"excerpt":{"rendered":"<p>Kabati\u0146as dokumentiem<\/p>\n","protected":false},"featured_media":43908,"template":"","meta":[],"product_cat":[482],"product_tag":[],"_links":{"self":[{"href":"https:\/\/ramrolf.lv\/lv\/wp-json\/wp\/v2\/product\/43907"}],"collection":[{"href":"https:\/\/ramrolf.lv\/lv\/wp-json\/wp\/v2\/product"}],"about":[{"href":"https:\/\/ramrolf.lv\/lv\/wp-json\/wp\/v2\/types\/product"}],"wp:featuredmedia":[{"embeddable":true,"href":"https:\/\/ramrolf.lv\/lv\/wp-json\/wp\/v2\/media\/43908"}],"wp:attachment":[{"href":"https:\/\/ramrolf.lv\/lv\/wp-json\/wp\/v2\/media?parent=43907"}],"wp:term":[{"taxonomy":"product_cat","embeddable":true,"href":"https:\/\/ramrolf.lv\/lv\/wp-json\/wp\/v2\/product_cat?post=43907"},{"taxonomy":"product_tag","embeddable":true,"href":"https:\/\/ramrolf.lv\/lv\/wp-json\/wp\/v2\/product_tag?post=43907"}],"curies":[{"name":"wp","href":"https:\/\/api.w.org\/{rel}","templated":true}]}}