{"id":43997,"date":"2018-11-27T19:21:07","date_gmt":"2018-11-27T16:21:07","guid":{"rendered":"http:\/\/www.ramrolf.eu\/product\/lviesujama-mape-ar-pogu-a4-dumakaina\/"},"modified":"2019-01-30T11:38:54","modified_gmt":"2019-01-30T08:38:54","slug":"lviesujama-mape-ar-pogu-a4-dumakaina","status":"publish","type":"product","link":"https:\/\/ramrolf.lv\/lv\/product\/lviesujama-mape-ar-pogu-a4-dumakaina\/","title":{"rendered":"Ie\u0161ujam\u0101 mape ar pogu A4,  d\u016bmakaina"},"content":{"rendered":"","protected":false},"excerpt":{"rendered":"<p>Kabati\u0146as dokumentiem<\/p>\n","protected":false},"featured_media":43998,"template":"","meta":[],"product_cat":[482],"product_tag":[],"_links":{"self":[{"href":"https:\/\/ramrolf.lv\/lv\/wp-json\/wp\/v2\/product\/43997"}],"collection":[{"href":"https:\/\/ramrolf.lv\/lv\/wp-json\/wp\/v2\/product"}],"about":[{"href":"https:\/\/ramrolf.lv\/lv\/wp-json\/wp\/v2\/types\/product"}],"wp:featuredmedia":[{"embeddable":true,"href":"https:\/\/ramrolf.lv\/lv\/wp-json\/wp\/v2\/media\/43998"}],"wp:attachment":[{"href":"https:\/\/ramrolf.lv\/lv\/wp-json\/wp\/v2\/media?parent=43997"}],"wp:term":[{"taxonomy":"product_cat","embeddable":true,"href":"https:\/\/ramrolf.lv\/lv\/wp-json\/wp\/v2\/product_cat?post=43997"},{"taxonomy":"product_tag","embeddable":true,"href":"https:\/\/ramrolf.lv\/lv\/wp-json\/wp\/v2\/product_tag?post=43997"}],"curies":[{"name":"wp","href":"https:\/\/api.w.org\/{rel}","templated":true}]}}