{"id":44087,"date":"2018-11-27T19:21:42","date_gmt":"2018-11-27T16:21:42","guid":{"rendered":"http:\/\/www.ramrolf.eu\/product\/lvregistrs-a4-75mm-zals-esselte-no-1-power\/"},"modified":"2019-02-19T16:30:21","modified_gmt":"2019-02-19T13:30:21","slug":"lvregistrs-a4-75mm-zals-esselte-no-1-power","status":"publish","type":"product","link":"https:\/\/ramrolf.lv\/lv\/product\/lvregistrs-a4-75mm-zals-esselte-no-1-power\/","title":{"rendered":"Re\u0123istrs A4\/75mm,  za\u013c\u0161,  ESSELTE No.1 Power"},"content":{"rendered":"","protected":false},"excerpt":{"rendered":"<p>Re\u0123istri A4\/75 mm<\/p>\n","protected":false},"featured_media":44088,"template":"","meta":[],"product_cat":[493],"product_tag":[],"_links":{"self":[{"href":"https:\/\/ramrolf.lv\/lv\/wp-json\/wp\/v2\/product\/44087"}],"collection":[{"href":"https:\/\/ramrolf.lv\/lv\/wp-json\/wp\/v2\/product"}],"about":[{"href":"https:\/\/ramrolf.lv\/lv\/wp-json\/wp\/v2\/types\/product"}],"wp:featuredmedia":[{"embeddable":true,"href":"https:\/\/ramrolf.lv\/lv\/wp-json\/wp\/v2\/media\/44088"}],"wp:attachment":[{"href":"https:\/\/ramrolf.lv\/lv\/wp-json\/wp\/v2\/media?parent=44087"}],"wp:term":[{"taxonomy":"product_cat","embeddable":true,"href":"https:\/\/ramrolf.lv\/lv\/wp-json\/wp\/v2\/product_cat?post=44087"},{"taxonomy":"product_tag","embeddable":true,"href":"https:\/\/ramrolf.lv\/lv\/wp-json\/wp\/v2\/product_tag?post=44087"}],"curies":[{"name":"wp","href":"https:\/\/api.w.org\/{rel}","templated":true}]}}