{"id":44151,"date":"2018-11-27T19:22:05","date_gmt":"2018-11-27T16:22:05","guid":{"rendered":"http:\/\/www.ramrolf.eu\/product\/lvkabata-esselte-a4-glanceta-ar-dzeltenu-malinu\/"},"modified":"2019-01-30T11:31:10","modified_gmt":"2019-01-30T08:31:10","slug":"lvkabata-esselte-a4-glanceta-ar-dzeltenu-malinu","status":"publish","type":"product","link":"https:\/\/ramrolf.lv\/lv\/product\/lvkabata-esselte-a4-glanceta-ar-dzeltenu-malinu\/","title":{"rendered":"Kabata ESSELTE A4,  glanc\u0113ta,  ar dzeltenu mali\u0146u"},"content":{"rendered":"","protected":false},"excerpt":{"rendered":"<p>Kabati\u0146as dokumentiem<\/p>\n","protected":false},"featured_media":44152,"template":"","meta":[],"product_cat":[482],"product_tag":[],"_links":{"self":[{"href":"https:\/\/ramrolf.lv\/lv\/wp-json\/wp\/v2\/product\/44151"}],"collection":[{"href":"https:\/\/ramrolf.lv\/lv\/wp-json\/wp\/v2\/product"}],"about":[{"href":"https:\/\/ramrolf.lv\/lv\/wp-json\/wp\/v2\/types\/product"}],"wp:featuredmedia":[{"embeddable":true,"href":"https:\/\/ramrolf.lv\/lv\/wp-json\/wp\/v2\/media\/44152"}],"wp:attachment":[{"href":"https:\/\/ramrolf.lv\/lv\/wp-json\/wp\/v2\/media?parent=44151"}],"wp:term":[{"taxonomy":"product_cat","embeddable":true,"href":"https:\/\/ramrolf.lv\/lv\/wp-json\/wp\/v2\/product_cat?post=44151"},{"taxonomy":"product_tag","embeddable":true,"href":"https:\/\/ramrolf.lv\/lv\/wp-json\/wp\/v2\/product_tag?post=44151"}],"curies":[{"name":"wp","href":"https:\/\/api.w.org\/{rel}","templated":true}]}}