{"id":44153,"date":"2018-11-27T19:22:06","date_gmt":"2018-11-27T16:22:06","guid":{"rendered":"http:\/\/www.ramrolf.eu\/product\/lvregistrs-a4-50mm-juras-zals-esselte-no1-power\/"},"modified":"2019-02-19T13:41:30","modified_gmt":"2019-02-19T10:41:30","slug":"lvregistrs-a4-50mm-juras-zals-esselte-no1-power","status":"publish","type":"product","link":"https:\/\/ramrolf.lv\/lv\/product\/lvregistrs-a4-50mm-juras-zals-esselte-no1-power\/","title":{"rendered":"Re\u0123istrs A4\/50mm,  j\u016bras za\u013c\u0161,  ESSELTE No1 Power"},"content":{"rendered":"","protected":false},"excerpt":{"rendered":"<p>Re\u0123istri A4\/50 mm<\/p>\n","protected":false},"featured_media":44154,"template":"","meta":[],"product_cat":[493],"product_tag":[],"_links":{"self":[{"href":"https:\/\/ramrolf.lv\/lv\/wp-json\/wp\/v2\/product\/44153"}],"collection":[{"href":"https:\/\/ramrolf.lv\/lv\/wp-json\/wp\/v2\/product"}],"about":[{"href":"https:\/\/ramrolf.lv\/lv\/wp-json\/wp\/v2\/types\/product"}],"wp:featuredmedia":[{"embeddable":true,"href":"https:\/\/ramrolf.lv\/lv\/wp-json\/wp\/v2\/media\/44154"}],"wp:attachment":[{"href":"https:\/\/ramrolf.lv\/lv\/wp-json\/wp\/v2\/media?parent=44153"}],"wp:term":[{"taxonomy":"product_cat","embeddable":true,"href":"https:\/\/ramrolf.lv\/lv\/wp-json\/wp\/v2\/product_cat?post=44153"},{"taxonomy":"product_tag","embeddable":true,"href":"https:\/\/ramrolf.lv\/lv\/wp-json\/wp\/v2\/product_tag?post=44153"}],"curies":[{"name":"wp","href":"https:\/\/api.w.org\/{rel}","templated":true}]}}