{"id":44247,"date":"2018-11-27T19:22:43","date_gmt":"2018-11-27T16:22:43","guid":{"rendered":"http:\/\/www.ramrolf.eu\/product\/lvkabata-a3-horizontala-115mic-glanceta\/"},"modified":"2019-03-05T23:28:23","modified_gmt":"2019-03-05T20:28:23","slug":"lvkabata-a3-horizontala-115mic-glanceta","status":"publish","type":"product","link":"https:\/\/ramrolf.lv\/lv\/product\/lvkabata-a3-horizontala-115mic-glanceta\/","title":{"rendered":"Kabata A3 horizont\u0101la 115mic,  glanc\u0113ta"},"content":{"rendered":"","protected":false},"excerpt":{"rendered":"<p>Kabati\u0146as dokumentiem<\/p>\n","protected":false},"featured_media":44248,"template":"","meta":[],"product_cat":[482],"product_tag":[],"_links":{"self":[{"href":"https:\/\/ramrolf.lv\/lv\/wp-json\/wp\/v2\/product\/44247"}],"collection":[{"href":"https:\/\/ramrolf.lv\/lv\/wp-json\/wp\/v2\/product"}],"about":[{"href":"https:\/\/ramrolf.lv\/lv\/wp-json\/wp\/v2\/types\/product"}],"wp:featuredmedia":[{"embeddable":true,"href":"https:\/\/ramrolf.lv\/lv\/wp-json\/wp\/v2\/media\/44248"}],"wp:attachment":[{"href":"https:\/\/ramrolf.lv\/lv\/wp-json\/wp\/v2\/media?parent=44247"}],"wp:term":[{"taxonomy":"product_cat","embeddable":true,"href":"https:\/\/ramrolf.lv\/lv\/wp-json\/wp\/v2\/product_cat?post=44247"},{"taxonomy":"product_tag","embeddable":true,"href":"https:\/\/ramrolf.lv\/lv\/wp-json\/wp\/v2\/product_tag?post=44247"}],"curies":[{"name":"wp","href":"https:\/\/api.w.org\/{rel}","templated":true}]}}