{"id":44255,"date":"2018-11-27T19:22:46","date_gmt":"2018-11-27T16:22:46","guid":{"rendered":"http:\/\/www.ramrolf.eu\/product\/lvkabata-a3-vertikala-110mic-mateta\/"},"modified":"2019-01-30T11:39:18","modified_gmt":"2019-01-30T08:39:18","slug":"lvkabata-a3-vertikala-110mic-mateta","status":"publish","type":"product","link":"https:\/\/ramrolf.lv\/lv\/product\/lvkabata-a3-vertikala-110mic-mateta\/","title":{"rendered":"Kabata A3 vertik\u0101la 110mic,  mat\u0113ta"},"content":{"rendered":"","protected":false},"excerpt":{"rendered":"<p>Kabati\u0146as dokumentiem<\/p>\n","protected":false},"featured_media":44256,"template":"","meta":[],"product_cat":[482],"product_tag":[],"_links":{"self":[{"href":"https:\/\/ramrolf.lv\/lv\/wp-json\/wp\/v2\/product\/44255"}],"collection":[{"href":"https:\/\/ramrolf.lv\/lv\/wp-json\/wp\/v2\/product"}],"about":[{"href":"https:\/\/ramrolf.lv\/lv\/wp-json\/wp\/v2\/types\/product"}],"wp:featuredmedia":[{"embeddable":true,"href":"https:\/\/ramrolf.lv\/lv\/wp-json\/wp\/v2\/media\/44256"}],"wp:attachment":[{"href":"https:\/\/ramrolf.lv\/lv\/wp-json\/wp\/v2\/media?parent=44255"}],"wp:term":[{"taxonomy":"product_cat","embeddable":true,"href":"https:\/\/ramrolf.lv\/lv\/wp-json\/wp\/v2\/product_cat?post=44255"},{"taxonomy":"product_tag","embeddable":true,"href":"https:\/\/ramrolf.lv\/lv\/wp-json\/wp\/v2\/product_tag?post=44255"}],"curies":[{"name":"wp","href":"https:\/\/api.w.org\/{rel}","templated":true}]}}