{"id":44383,"date":"2018-11-28T12:50:16","date_gmt":"2018-11-28T09:50:16","guid":{"rendered":"http:\/\/www.ramrolf.eu\/product\/lvskeres-bernu-13-5cm-kreiliem\/"},"modified":"2019-02-22T12:41:43","modified_gmt":"2019-02-22T09:41:43","slug":"lvskeres-bernu-13-5cm-kreiliem","status":"publish","type":"product","link":"https:\/\/ramrolf.lv\/lv\/product\/lvskeres-bernu-13-5cm-kreiliem\/","title":{"rendered":"\u0160\u0137\u0113res b\u0113rnu 13,5cm krei\u013ciem"},"content":{"rendered":"","protected":false},"excerpt":{"rendered":"<p>\u0160\u0137\u0113res<\/p>\n","protected":false},"featured_media":44384,"template":"","meta":[],"product_cat":[499],"product_tag":[],"_links":{"self":[{"href":"https:\/\/ramrolf.lv\/lv\/wp-json\/wp\/v2\/product\/44383"}],"collection":[{"href":"https:\/\/ramrolf.lv\/lv\/wp-json\/wp\/v2\/product"}],"about":[{"href":"https:\/\/ramrolf.lv\/lv\/wp-json\/wp\/v2\/types\/product"}],"wp:featuredmedia":[{"embeddable":true,"href":"https:\/\/ramrolf.lv\/lv\/wp-json\/wp\/v2\/media\/44384"}],"wp:attachment":[{"href":"https:\/\/ramrolf.lv\/lv\/wp-json\/wp\/v2\/media?parent=44383"}],"wp:term":[{"taxonomy":"product_cat","embeddable":true,"href":"https:\/\/ramrolf.lv\/lv\/wp-json\/wp\/v2\/product_cat?post=44383"},{"taxonomy":"product_tag","embeddable":true,"href":"https:\/\/ramrolf.lv\/lv\/wp-json\/wp\/v2\/product_tag?post=44383"}],"curies":[{"name":"wp","href":"https:\/\/api.w.org\/{rel}","templated":true}]}}