{"id":44385,"date":"2018-11-28T12:50:17","date_gmt":"2018-11-28T09:50:17","guid":{"rendered":"http:\/\/www.ramrolf.eu\/product\/lvatslegu-piekarins-dazadas-krasas\/"},"modified":"2018-11-28T12:50:17","modified_gmt":"2018-11-28T09:50:17","slug":"lvatslegu-piekarins-dazadas-krasas","status":"publish","type":"product","link":"https:\/\/ramrolf.lv\/lv\/product\/lvatslegu-piekarins-dazadas-krasas\/","title":{"rendered":"Atsl\u0113gu piekari\u0146\u0161 da\u017e\u0101das kr\u0101sas"},"content":{"rendered":"","protected":false},"excerpt":{"rendered":"<p>Naudas un atsl\u0113gu l\u0101des<\/p>\n","protected":false},"featured_media":44386,"template":"","meta":[],"product_cat":[501],"product_tag":[],"_links":{"self":[{"href":"https:\/\/ramrolf.lv\/lv\/wp-json\/wp\/v2\/product\/44385"}],"collection":[{"href":"https:\/\/ramrolf.lv\/lv\/wp-json\/wp\/v2\/product"}],"about":[{"href":"https:\/\/ramrolf.lv\/lv\/wp-json\/wp\/v2\/types\/product"}],"wp:featuredmedia":[{"embeddable":true,"href":"https:\/\/ramrolf.lv\/lv\/wp-json\/wp\/v2\/media\/44386"}],"wp:attachment":[{"href":"https:\/\/ramrolf.lv\/lv\/wp-json\/wp\/v2\/media?parent=44385"}],"wp:term":[{"taxonomy":"product_cat","embeddable":true,"href":"https:\/\/ramrolf.lv\/lv\/wp-json\/wp\/v2\/product_cat?post=44385"},{"taxonomy":"product_tag","embeddable":true,"href":"https:\/\/ramrolf.lv\/lv\/wp-json\/wp\/v2\/product_tag?post=44385"}],"curies":[{"name":"wp","href":"https:\/\/api.w.org\/{rel}","templated":true}]}}