{"id":44401,"date":"2018-11-28T12:50:22","date_gmt":"2018-11-28T09:50:22","guid":{"rendered":"http:\/\/www.ramrolf.eu\/product\/lvnazis-kancelejas-9mm-metalisks-korpuss\/"},"modified":"2019-02-22T12:31:23","modified_gmt":"2019-02-22T09:31:23","slug":"lvnazis-kancelejas-9mm-metalisks-korpuss","status":"publish","type":"product","link":"https:\/\/ramrolf.lv\/lv\/product\/lvnazis-kancelejas-9mm-metalisks-korpuss\/","title":{"rendered":"Nazis kancelejas 9mm,  met\u0101lisks korpuss"},"content":{"rendered":"","protected":false},"excerpt":{"rendered":"<p>Portat\u012bvs nazis ar izb\u012bd\u0101mu t\u0113rauda asmeni. Plastmasas klipsis. Main\u0101mi asme\u0146i \u2013 9 mm. Kr\u0101sa: da\u017e\u0101das.<\/p>\n","protected":false},"featured_media":44402,"template":"","meta":[],"product_cat":[499],"product_tag":[],"_links":{"self":[{"href":"https:\/\/ramrolf.lv\/lv\/wp-json\/wp\/v2\/product\/44401"}],"collection":[{"href":"https:\/\/ramrolf.lv\/lv\/wp-json\/wp\/v2\/product"}],"about":[{"href":"https:\/\/ramrolf.lv\/lv\/wp-json\/wp\/v2\/types\/product"}],"wp:featuredmedia":[{"embeddable":true,"href":"https:\/\/ramrolf.lv\/lv\/wp-json\/wp\/v2\/media\/44402"}],"wp:attachment":[{"href":"https:\/\/ramrolf.lv\/lv\/wp-json\/wp\/v2\/media?parent=44401"}],"wp:term":[{"taxonomy":"product_cat","embeddable":true,"href":"https:\/\/ramrolf.lv\/lv\/wp-json\/wp\/v2\/product_cat?post=44401"},{"taxonomy":"product_tag","embeddable":true,"href":"https:\/\/ramrolf.lv\/lv\/wp-json\/wp\/v2\/product_tag?post=44401"}],"curies":[{"name":"wp","href":"https:\/\/api.w.org\/{rel}","templated":true}]}}