{"id":44599,"date":"2018-11-28T12:51:48","date_gmt":"2018-11-28T09:51:48","guid":{"rendered":"http:\/\/www.ramrolf.eu\/product\/lvskeres-bernu-13cm-ar-apalu-galu-centrum\/"},"modified":"2018-12-20T18:09:29","modified_gmt":"2018-12-20T15:09:29","slug":"lvskeres-bernu-13cm-ar-apalu-galu-centrum","status":"publish","type":"product","link":"https:\/\/ramrolf.lv\/lv\/product\/lvskeres-bernu-13cm-ar-apalu-galu-centrum\/","title":{"rendered":"\u0160\u0137\u0113res b\u0113rnu 13cm ar apa\u013cu galu Centrum"},"content":{"rendered":"","protected":false},"excerpt":{"rendered":"<p>\u0160\u0137\u0113res<\/p>\n","protected":false},"featured_media":44600,"template":"","meta":[],"product_cat":[499],"product_tag":[],"_links":{"self":[{"href":"https:\/\/ramrolf.lv\/lv\/wp-json\/wp\/v2\/product\/44599"}],"collection":[{"href":"https:\/\/ramrolf.lv\/lv\/wp-json\/wp\/v2\/product"}],"about":[{"href":"https:\/\/ramrolf.lv\/lv\/wp-json\/wp\/v2\/types\/product"}],"wp:featuredmedia":[{"embeddable":true,"href":"https:\/\/ramrolf.lv\/lv\/wp-json\/wp\/v2\/media\/44600"}],"wp:attachment":[{"href":"https:\/\/ramrolf.lv\/lv\/wp-json\/wp\/v2\/media?parent=44599"}],"wp:term":[{"taxonomy":"product_cat","embeddable":true,"href":"https:\/\/ramrolf.lv\/lv\/wp-json\/wp\/v2\/product_cat?post=44599"},{"taxonomy":"product_tag","embeddable":true,"href":"https:\/\/ramrolf.lv\/lv\/wp-json\/wp\/v2\/product_tag?post=44599"}],"curies":[{"name":"wp","href":"https:\/\/api.w.org\/{rel}","templated":true}]}}