{"id":44787,"date":"2018-11-28T12:53:28","date_gmt":"2018-11-28T09:53:28","guid":{"rendered":"http:\/\/www.ramrolf.eu\/product\/lvskeres-14cm-ar-gumijotu-rokturi\/"},"modified":"2019-02-22T10:54:06","modified_gmt":"2019-02-22T07:54:06","slug":"lvskeres-14cm-ar-gumijotu-rokturi","status":"publish","type":"product","link":"https:\/\/ramrolf.lv\/lv\/product\/lvskeres-14cm-ar-gumijotu-rokturi\/","title":{"rendered":"\u0160\u0137\u0113res 14cm ar gumijotu rokturi"},"content":{"rendered":"","protected":false},"excerpt":{"rendered":"<p>\u0160\u0137\u0113res<\/p>\n","protected":false},"featured_media":44788,"template":"","meta":[],"product_cat":[499],"product_tag":[],"_links":{"self":[{"href":"https:\/\/ramrolf.lv\/lv\/wp-json\/wp\/v2\/product\/44787"}],"collection":[{"href":"https:\/\/ramrolf.lv\/lv\/wp-json\/wp\/v2\/product"}],"about":[{"href":"https:\/\/ramrolf.lv\/lv\/wp-json\/wp\/v2\/types\/product"}],"wp:featuredmedia":[{"embeddable":true,"href":"https:\/\/ramrolf.lv\/lv\/wp-json\/wp\/v2\/media\/44788"}],"wp:attachment":[{"href":"https:\/\/ramrolf.lv\/lv\/wp-json\/wp\/v2\/media?parent=44787"}],"wp:term":[{"taxonomy":"product_cat","embeddable":true,"href":"https:\/\/ramrolf.lv\/lv\/wp-json\/wp\/v2\/product_cat?post=44787"},{"taxonomy":"product_tag","embeddable":true,"href":"https:\/\/ramrolf.lv\/lv\/wp-json\/wp\/v2\/product_tag?post=44787"}],"curies":[{"name":"wp","href":"https:\/\/api.w.org\/{rel}","templated":true}]}}