{"id":44851,"date":"2018-11-28T12:53:58","date_gmt":"2018-11-28T09:53:58","guid":{"rendered":"http:\/\/www.ramrolf.eu\/product\/lvorganizators-forpus-ar-4-nodalijumiem-caurspidigs\/"},"modified":"2019-02-28T18:55:50","modified_gmt":"2019-02-28T15:55:50","slug":"galda-organizators-ar-4-nodalijumiem-caurspidigs","status":"publish","type":"product","link":"https:\/\/ramrolf.lv\/lv\/product\/galda-organizators-ar-4-nodalijumiem-caurspidigs\/","title":{"rendered":"Galda organiz\u0101tors ar 4 nodal\u012bjumiem, caursp\u012bd\u012bgs"},"content":{"rendered":"","protected":false},"excerpt":{"rendered":"<p>Galda organiz\u0101tori<\/p>\n","protected":false},"featured_media":47588,"template":"","meta":[],"product_cat":[966],"product_tag":[],"_links":{"self":[{"href":"https:\/\/ramrolf.lv\/lv\/wp-json\/wp\/v2\/product\/44851"}],"collection":[{"href":"https:\/\/ramrolf.lv\/lv\/wp-json\/wp\/v2\/product"}],"about":[{"href":"https:\/\/ramrolf.lv\/lv\/wp-json\/wp\/v2\/types\/product"}],"wp:featuredmedia":[{"embeddable":true,"href":"https:\/\/ramrolf.lv\/lv\/wp-json\/wp\/v2\/media\/47588"}],"wp:attachment":[{"href":"https:\/\/ramrolf.lv\/lv\/wp-json\/wp\/v2\/media?parent=44851"}],"wp:term":[{"taxonomy":"product_cat","embeddable":true,"href":"https:\/\/ramrolf.lv\/lv\/wp-json\/wp\/v2\/product_cat?post=44851"},{"taxonomy":"product_tag","embeddable":true,"href":"https:\/\/ramrolf.lv\/lv\/wp-json\/wp\/v2\/product_tag?post=44851"}],"curies":[{"name":"wp","href":"https:\/\/api.w.org\/{rel}","templated":true}]}}