{"id":44881,"date":"2018-11-28T12:54:12","date_gmt":"2018-11-28T09:54:12","guid":{"rendered":"http:\/\/www.ramrolf.eu\/product\/lvorganizators-forpus-caurspidigs-6-nodalas\/"},"modified":"2019-02-28T18:54:53","modified_gmt":"2019-02-28T15:54:53","slug":"galda-organizators-forpus-caurspidigs","status":"publish","type":"product","link":"https:\/\/ramrolf.lv\/lv\/product\/galda-organizators-forpus-caurspidigs\/","title":{"rendered":"Galda organiz\u0101tors Forpus, caursp\u012bd\u012bgs"},"content":{"rendered":"","protected":false},"excerpt":{"rendered":"<p>Galda organiz\u0101tori<\/p>\n","protected":false},"featured_media":47587,"template":"","meta":[],"product_cat":[966],"product_tag":[],"_links":{"self":[{"href":"https:\/\/ramrolf.lv\/lv\/wp-json\/wp\/v2\/product\/44881"}],"collection":[{"href":"https:\/\/ramrolf.lv\/lv\/wp-json\/wp\/v2\/product"}],"about":[{"href":"https:\/\/ramrolf.lv\/lv\/wp-json\/wp\/v2\/types\/product"}],"wp:featuredmedia":[{"embeddable":true,"href":"https:\/\/ramrolf.lv\/lv\/wp-json\/wp\/v2\/media\/47587"}],"wp:attachment":[{"href":"https:\/\/ramrolf.lv\/lv\/wp-json\/wp\/v2\/media?parent=44881"}],"wp:term":[{"taxonomy":"product_cat","embeddable":true,"href":"https:\/\/ramrolf.lv\/lv\/wp-json\/wp\/v2\/product_cat?post=44881"},{"taxonomy":"product_tag","embeddable":true,"href":"https:\/\/ramrolf.lv\/lv\/wp-json\/wp\/v2\/product_tag?post=44881"}],"curies":[{"name":"wp","href":"https:\/\/api.w.org\/{rel}","templated":true}]}}