{"id":45060,"date":"2018-11-28T12:55:40","date_gmt":"2018-11-28T09:55:40","guid":{"rendered":"http:\/\/www.ramrolf.eu\/product\/lvlime-pva-forpus-40ml\/"},"modified":"2019-01-23T12:07:29","modified_gmt":"2019-01-23T09:07:29","slug":"lvlime-pva-forpus-40ml","status":"publish","type":"product","link":"https:\/\/ramrolf.lv\/lv\/product\/lvlime-pva-forpus-40ml\/","title":{"rendered":"L\u012bme PVA FORPUS 40ml."},"content":{"rendered":"","protected":false},"excerpt":{"rendered":"<p>Balta l\u012bme bl\u012bvu materi\u0101lu un bieza pap\u012bra l\u012bm\u0113\u0161anai. M\u012bksta plastmasas pudel\u012bte ar v\u0101ci\u0146\u0101 ier\u012bkotu aplikatoru <\/p>\n","protected":false},"featured_media":45061,"template":"","meta":[],"product_cat":[500],"product_tag":[],"_links":{"self":[{"href":"https:\/\/ramrolf.lv\/lv\/wp-json\/wp\/v2\/product\/45060"}],"collection":[{"href":"https:\/\/ramrolf.lv\/lv\/wp-json\/wp\/v2\/product"}],"about":[{"href":"https:\/\/ramrolf.lv\/lv\/wp-json\/wp\/v2\/types\/product"}],"wp:featuredmedia":[{"embeddable":true,"href":"https:\/\/ramrolf.lv\/lv\/wp-json\/wp\/v2\/media\/45061"}],"wp:attachment":[{"href":"https:\/\/ramrolf.lv\/lv\/wp-json\/wp\/v2\/media?parent=45060"}],"wp:term":[{"taxonomy":"product_cat","embeddable":true,"href":"https:\/\/ramrolf.lv\/lv\/wp-json\/wp\/v2\/product_cat?post=45060"},{"taxonomy":"product_tag","embeddable":true,"href":"https:\/\/ramrolf.lv\/lv\/wp-json\/wp\/v2\/product_tag?post=45060"}],"curies":[{"name":"wp","href":"https:\/\/api.w.org\/{rel}","templated":true}]}}