{"id":45232,"date":"2018-11-28T12:56:55","date_gmt":"2018-11-28T09:56:55","guid":{"rendered":"http:\/\/www.ramrolf.eu\/product\/lvkalkulators-forpus-11008\/"},"modified":"2021-08-25T16:30:28","modified_gmt":"2021-08-25T13:30:28","slug":"lvkalkulators-forpus-11008","status":"publish","type":"product","link":"https:\/\/ramrolf.lv\/lv\/product\/lvkalkulators-forpus-11008\/","title":{"rendered":"Kalkulators FORPUS 11008"},"content":{"rendered":"","protected":false},"excerpt":{"rendered":"<p>Profesion\u0101ls galda kalkulators ar regul\u0113jamu ekr\u0101na augstumu 3 poz\u012bcij\u0101s. 16 z\u012bmju LCD ekr\u0101ns. Divu veidu baro\u0161anas avots \u2013 saules elements un baterija. Atk\u0101rto\u0161anas funkcija, tausti\u0146\u0161 \u2018\u2019000\u2019\u2019. Korekcija \u2013 99 so\u013ci. Met\u0101lisks priek\u0161\u0113jais panelis. Izm\u0113ri : 198 x 153 x 26mm <\/p>\n","protected":false},"featured_media":45233,"template":"","meta":[],"product_cat":[367,337],"product_tag":[],"_links":{"self":[{"href":"https:\/\/ramrolf.lv\/lv\/wp-json\/wp\/v2\/product\/45232"}],"collection":[{"href":"https:\/\/ramrolf.lv\/lv\/wp-json\/wp\/v2\/product"}],"about":[{"href":"https:\/\/ramrolf.lv\/lv\/wp-json\/wp\/v2\/types\/product"}],"wp:featuredmedia":[{"embeddable":true,"href":"https:\/\/ramrolf.lv\/lv\/wp-json\/wp\/v2\/media\/45233"}],"wp:attachment":[{"href":"https:\/\/ramrolf.lv\/lv\/wp-json\/wp\/v2\/media?parent=45232"}],"wp:term":[{"taxonomy":"product_cat","embeddable":true,"href":"https:\/\/ramrolf.lv\/lv\/wp-json\/wp\/v2\/product_cat?post=45232"},{"taxonomy":"product_tag","embeddable":true,"href":"https:\/\/ramrolf.lv\/lv\/wp-json\/wp\/v2\/product_tag?post=45232"}],"curies":[{"name":"wp","href":"https:\/\/api.w.org\/{rel}","templated":true}]}}