{"id":45284,"date":"2018-11-28T12:57:14","date_gmt":"2018-11-28T09:57:14","guid":{"rendered":"http:\/\/www.ramrolf.eu\/product\/lvlimejosa-masa-college-50g-balta\/"},"modified":"2018-11-28T12:57:14","modified_gmt":"2018-11-28T09:57:14","slug":"lvlimejosa-masa-college-50g-balta","status":"publish","type":"product","link":"https:\/\/ramrolf.lv\/lv\/product\/lvlimejosa-masa-college-50g-balta\/","title":{"rendered":"L\u012bm\u0113jo\u0161a masa College 50g,  balta"},"content":{"rendered":"","protected":false},"excerpt":{"rendered":"<p>L\u012bme<\/p>\n","protected":false},"featured_media":45285,"template":"","meta":[],"product_cat":[500],"product_tag":[],"_links":{"self":[{"href":"https:\/\/ramrolf.lv\/lv\/wp-json\/wp\/v2\/product\/45284"}],"collection":[{"href":"https:\/\/ramrolf.lv\/lv\/wp-json\/wp\/v2\/product"}],"about":[{"href":"https:\/\/ramrolf.lv\/lv\/wp-json\/wp\/v2\/types\/product"}],"wp:featuredmedia":[{"embeddable":true,"href":"https:\/\/ramrolf.lv\/lv\/wp-json\/wp\/v2\/media\/45285"}],"wp:attachment":[{"href":"https:\/\/ramrolf.lv\/lv\/wp-json\/wp\/v2\/media?parent=45284"}],"wp:term":[{"taxonomy":"product_cat","embeddable":true,"href":"https:\/\/ramrolf.lv\/lv\/wp-json\/wp\/v2\/product_cat?post=45284"},{"taxonomy":"product_tag","embeddable":true,"href":"https:\/\/ramrolf.lv\/lv\/wp-json\/wp\/v2\/product_tag?post=45284"}],"curies":[{"name":"wp","href":"https:\/\/api.w.org\/{rel}","templated":true}]}}